{"id":1714,"date":"2019-01-29T16:15:24","date_gmt":"2019-01-29T16:15:24","guid":{"rendered":"https:\/\/virginiedrouot.com\/inspiration\/inspiration-lumiere\/"},"modified":"2019-09-26T09:43:14","modified_gmt":"2019-09-26T09:43:14","slug":"inspiration-light","status":"publish","type":"page","link":"https:\/\/virginiedrouot.com\/en\/inspiration\/inspiration-light\/","title":{"rendered":"Inspiration light"},"content":{"rendered":"<p><section class=\"ffb-id-hvb81k4 fg-section fg-el-has-bg fg-text-dark\"><span class=\"fg-bg\"><span data-fg-bg=\"{&quot;type&quot;:&quot;color&quot;,&quot;opacity&quot;:1,&quot;color&quot;:&quot;rgba(204, 158, 41, 0.06)&quot;}\" class=\"fg-bg-layer fg-bg-type-color \" style=\"opacity: 1; background-color: rgba(204, 158, 41, 0.06);\"><\/span><\/span><div class=\"fg-container container fg-container-medium fg-container-lvl--1 \"><div class=\"fg-row row    \" ><div class=\"ffb-id-hvb81k5 fg-col col-xs-12 col-xs-offset-0 col-xs-pull-0 col-xs-push-0 col-md-12 fg-text-dark\"><section class=\"ffb-id-qo2l8qs section-heading fg-text-dark\"><div class=\"ff-richtext h2 fg-text-dark ffb-h2-1\"><\/p>\n<p>Inspiration - Light<\/p>\n<p><\/div><div class=\"ff-richtext paragraph fg-text-dark ffb-paragraph-2\"><\/p>\n<p>The soul of a place<\/p>\n<p><\/div><\/section><\/div><\/div><\/div><\/section><style>.ffb-id-hvb81k4{ margin-top: -80px;padding-top: 20px;padding-right: 20px;padding-left: 20px;}.ffb-id-qo2l8qs .ffb-h2-1 ,.ffb-id-qo2l8qs .ffb-h2-1:before,.ffb-id-qo2l8qs .ffb-h2-1:after,.ffb-id-qo2l8qs .ffb-h2-1 *,.ffb-id-qo2l8qs .ffb-h2-1 *:before,.ffb-id-qo2l8qs .ffb-h2-1 *:after{ color: #cc9e29 !important;}.ffb-id-qo2l8qs .ffb-h2-1{ font-family: 'News Cycle', Arial, sans-serif !important;}.ffb-id-qo2l8qs .ffb-h2-1:before,.ffb-id-qo2l8qs .ffb-h2-1:after,.ffb-id-qo2l8qs .ffb-h2-1:hover,.ffb-id-qo2l8qs .ffb-h2-1:focus,.ffb-id-qo2l8qs .ffb-h2-1 *,.ffb-id-qo2l8qs .ffb-h2-1 *:before,.ffb-id-qo2l8qs .ffb-h2-1 *:after,.ffb-id-qo2l8qs .ffb-h2-1 *:hover,.ffb-id-qo2l8qs .ffb-h2-1 *:focus{ font-family: 'News Cycle', Arial, sans-serif !important;}.ffb-id-qo2l8qs .ffb-paragraph-2 ,.ffb-id-qo2l8qs .ffb-paragraph-2:before,.ffb-id-qo2l8qs .ffb-paragraph-2:after,.ffb-id-qo2l8qs .ffb-paragraph-2 *,.ffb-id-qo2l8qs .ffb-paragraph-2 *:before,.ffb-id-qo2l8qs .ffb-paragraph-2 *:after{ color: #000000 !important;}.ffb-id-qo2l8qs{ margin-bottom: 0px;}<\/style><script type=\"text\/javascript\"><\/script><section class=\"ffb-id-hvhoatj fg-section fg-el-has-bg fg-text-dark\"><span class=\"fg-bg\"><span data-fg-bg=\"{&quot;type&quot;:&quot;color&quot;,&quot;opacity&quot;:1,&quot;color&quot;:&quot;rgba(204, 158, 41, 0.06)&quot;}\" class=\"fg-bg-layer fg-bg-type-color \" style=\"opacity: 1; background-color: rgba(204, 158, 41, 0.06);\"><\/span><\/span><div class=\"fg-container container fg-container-medium fg-container-lvl--1 \"><div class=\"fg-row row fg-row-no-gutter   \" ><div class=\"ffb-id-hvbf87m fg-col col-xs-12 col-md-6 col-md-push-6 fg-text-dark\"><img decoding=\"async\" class=\"ffb-id-hvbfk4a fg-image  img-responsive full-width fg-text-dark\" src=\"https:\/\/virginiedrouot.com\/wp-content\/uploads\/2019\/09\/Lumiere-maison-et-objet-2019.jpg\" alt=\"Lumiere-maison-et-objet-2019\" data-fg-wow=\"fadeInUp\" data-wow-duration=\"1s\" data-wow-delay=\"0.2s\"><\/div><div class=\"ffb-id-hvbb5lk fg-col col-xs-12 col-md-6 col-md-pull-6 fg-text-dark\"><section class=\"ffb-id-hvbbf75 heading-v1 text-left    fg-el-has-bg fg-text-dark\"><span class=\"fg-bg\"><span data-fg-bg=\"{&quot;type&quot;:&quot;color&quot;,&quot;opacity&quot;:1,&quot;color&quot;:&quot;#ffffff&quot;}\" class=\"fg-bg-layer fg-bg-type-color \" style=\"opacity: 1; background-color: #ffffff;\"><\/span><\/span><div class=\"heading-v1-Section ff-richtext fg-text-dark ffb-header-1\"><\/p>\n<p>Put some light!<\/p>\n<p><\/div><div class=\"heading-v1-subtitle ff-richtext fg-text-dark ffb-sub-title-2\"><\/p>\n<p>Favorites from the Maison &amp; Objet fair 2019<\/p>\n<p><\/div><div class=\"heading-v1-text-content  ff-richtext fg-text-dark ffb-paragraph-3\" style=\"font-size:15px; \"><\/p>\n<p>Discover my favorites on the moodboard Put some light! My choices from the Maison &amp; Objet fair in Paris - September 2019.<\/p>\n<p><\/div><\/section><\/div><\/div><\/div><\/section><style>.ffb-id-hvb81k4{ \nmargin-top: -80px;\npadding-top: 20px;\npadding-right: 20px;\npadding-left: 20px;\n\n}\n.ffb-id-qo2l8qs .ffb-h2-1 ,\n.ffb-id-qo2l8qs .ffb-h2-1:before,\n.ffb-id-qo2l8qs .ffb-h2-1:after,\n.ffb-id-qo2l8qs .ffb-h2-1 *,\n.ffb-id-qo2l8qs .ffb-h2-1 *:before,\n.ffb-id-qo2l8qs .ffb-h2-1 *:after{ \ncolor: #cc9e29 !important;\n}\n.ffb-id-qo2l8qs .ffb-h2-1{ \nfont-family: 'News Cycle', Arial, sans-serif !important;\n}\n.ffb-id-qo2l8qs .ffb-h2-1:before,\n.ffb-id-qo2l8qs .ffb-h2-1:after,\n.ffb-id-qo2l8qs .ffb-h2-1:hover,\n.ffb-id-qo2l8qs .ffb-h2-1:focus,\n.ffb-id-qo2l8qs .ffb-h2-1 *,\n.ffb-id-qo2l8qs .ffb-h2-1 *:before,\n.ffb-id-qo2l8qs .ffb-h2-1 *:after,\n.ffb-id-qo2l8qs .ffb-h2-1 *:hover,\n.ffb-id-qo2l8qs .ffb-h2-1 *:focus{ \nfont-family: 'News Cycle', Arial, sans-serif !important;\n}\n.ffb-id-qo2l8qs .ffb-paragraph-2 ,\n.ffb-id-qo2l8qs .ffb-paragraph-2:before,\n.ffb-id-qo2l8qs .ffb-paragraph-2:after,\n.ffb-id-qo2l8qs .ffb-paragraph-2 *,\n.ffb-id-qo2l8qs .ffb-paragraph-2 *:before,\n.ffb-id-qo2l8qs .ffb-paragraph-2 *:after{ \ncolor: #000000 !important;\n}\n.ffb-id-qo2l8qs{ \nmargin-bottom: 0px;\n\n}\n.ffb-id-hvhoatj{ padding-right: 20px;padding-left: 20px;}.ffb-id-hvbbf75 .ffb-header-1 ,.ffb-id-hvbbf75 .ffb-header-1:before,.ffb-id-hvbbf75 .ffb-header-1:after,.ffb-id-hvbbf75 .ffb-header-1 *,.ffb-id-hvbbf75 .ffb-header-1 *:before,.ffb-id-hvbbf75 .ffb-header-1 *:after{ color: #cc9e29 !important;}.ffb-id-hvbbf75 .ffb-header-1{ font-family: 'News Cycle', Arial, sans-serif !important;}.ffb-id-hvbbf75 .ffb-header-1:before,.ffb-id-hvbbf75 .ffb-header-1:after,.ffb-id-hvbbf75 .ffb-header-1:hover,.ffb-id-hvbbf75 .ffb-header-1:focus,.ffb-id-hvbbf75 .ffb-header-1 *,.ffb-id-hvbbf75 .ffb-header-1 *:before,.ffb-id-hvbbf75 .ffb-header-1 *:after,.ffb-id-hvbbf75 .ffb-header-1 *:hover,.ffb-id-hvbbf75 .ffb-header-1 *:focus{ font-family: 'News Cycle', Arial, sans-serif !important;}.ffb-id-hvbbf75 .ffb-header-1{ font-size: 24px !important;}.ffb-id-hvbbf75 .ffb-header-1 ,.ffb-id-hvbbf75 .ffb-header-1:before,.ffb-id-hvbbf75 .ffb-header-1:after,.ffb-id-hvbbf75 .ffb-header-1:hover,.ffb-id-hvbbf75 .ffb-header-1:focus,.ffb-id-hvbbf75 .ffb-header-1 *,.ffb-id-hvbbf75 .ffb-header-1 *:before,.ffb-id-hvbbf75 .ffb-header-1 *:after,.ffb-id-hvbbf75 .ffb-header-1 *:hover,.ffb-id-hvbbf75 .ffb-header-1 *:focus{ font-size: 24px !important;}.ffb-id-hvbbf75 .ffb-sub-title-2{ font-family: 'Roboto', Arial, sans-serif !important;font-style: normal !important;}.ffb-id-hvbbf75 .ffb-sub-title-2:before,.ffb-id-hvbbf75 .ffb-sub-title-2:after,.ffb-id-hvbbf75 .ffb-sub-title-2:hover,.ffb-id-hvbbf75 .ffb-sub-title-2:focus,.ffb-id-hvbbf75 .ffb-sub-title-2 *,.ffb-id-hvbbf75 .ffb-sub-title-2 *:before,.ffb-id-hvbbf75 .ffb-sub-title-2 *:after,.ffb-id-hvbbf75 .ffb-sub-title-2 *:hover,.ffb-id-hvbbf75 .ffb-sub-title-2 *:focus{ font-family: 'Roboto', Arial, sans-serif !important;font-style: normal !important;}.ffb-id-hvbbf75 .ffb-sub-title-2{ font-size: 14px !important;font-weight: 400 !important;}.ffb-id-hvbbf75 .ffb-sub-title-2 ,.ffb-id-hvbbf75 .ffb-sub-title-2:before,.ffb-id-hvbbf75 .ffb-sub-title-2:after,.ffb-id-hvbbf75 .ffb-sub-title-2:hover,.ffb-id-hvbbf75 .ffb-sub-title-2:focus,.ffb-id-hvbbf75 .ffb-sub-title-2 *,.ffb-id-hvbbf75 .ffb-sub-title-2 *:before,.ffb-id-hvbbf75 .ffb-sub-title-2 *:after,.ffb-id-hvbbf75 .ffb-sub-title-2 *:hover,.ffb-id-hvbbf75 .ffb-sub-title-2 *:focus{ font-size: 14px !important;font-weight: 400 !important;}.ffb-id-hvbbf75{ margin-top: 0px;margin-bottom: 30px;padding-top: 40px;padding-right: 40px;padding-bottom: 40px;padding-left: 40px;}@media (min-width:992px) { .ffb-id-hvbbf75{ margin-top: 50px;margin-right: -40px;margin-bottom: 80px;}}<\/style><script type=\"text\/javascript\"><\/script><style>.ffb-id-hvhoatj{ \npadding-right: 20px;\npadding-left: 20px;\n\n}\n.ffb-id-hvbbf75 .ffb-header-1 ,\n.ffb-id-hvbbf75 .ffb-header-1:before,\n.ffb-id-hvbbf75 .ffb-header-1:after,\n.ffb-id-hvbbf75 .ffb-header-1 *,\n.ffb-id-hvbbf75 .ffb-header-1 *:before,\n.ffb-id-hvbbf75 .ffb-header-1 *:after{ \ncolor: #cc9e29 !important;\n}\n.ffb-id-hvbbf75 .ffb-header-1{ \nfont-family: 'News Cycle', Arial, sans-serif !important;\n}\n.ffb-id-hvbbf75 .ffb-header-1:before,\n.ffb-id-hvbbf75 .ffb-header-1:after,\n.ffb-id-hvbbf75 .ffb-header-1:hover,\n.ffb-id-hvbbf75 .ffb-header-1:focus,\n.ffb-id-hvbbf75 .ffb-header-1 *,\n.ffb-id-hvbbf75 .ffb-header-1 *:before,\n.ffb-id-hvbbf75 .ffb-header-1 *:after,\n.ffb-id-hvbbf75 .ffb-header-1 *:hover,\n.ffb-id-hvbbf75 .ffb-header-1 *:focus{ \nfont-family: 'News Cycle', Arial, sans-serif !important;\n}\n.ffb-id-hvbbf75 .ffb-header-1{ \nfont-size: 24px !important;\n}\n.ffb-id-hvbbf75 .ffb-header-1 ,\n.ffb-id-hvbbf75 .ffb-header-1:before,\n.ffb-id-hvbbf75 .ffb-header-1:after,\n.ffb-id-hvbbf75 .ffb-header-1:hover,\n.ffb-id-hvbbf75 .ffb-header-1:focus,\n.ffb-id-hvbbf75 .ffb-header-1 *,\n.ffb-id-hvbbf75 .ffb-header-1 *:before,\n.ffb-id-hvbbf75 .ffb-header-1 *:after,\n.ffb-id-hvbbf75 .ffb-header-1 *:hover,\n.ffb-id-hvbbf75 .ffb-header-1 *:focus{ \nfont-size: 24px !important;\n}\n.ffb-id-hvbbf75 .ffb-sub-title-2{ \nfont-family: 'Roboto', Arial, sans-serif !important;\nfont-style: normal !important;\n}\n.ffb-id-hvbbf75 .ffb-sub-title-2:before,\n.ffb-id-hvbbf75 .ffb-sub-title-2:after,\n.ffb-id-hvbbf75 .ffb-sub-title-2:hover,\n.ffb-id-hvbbf75 .ffb-sub-title-2:focus,\n.ffb-id-hvbbf75 .ffb-sub-title-2 *,\n.ffb-id-hvbbf75 .ffb-sub-title-2 *:before,\n.ffb-id-hvbbf75 .ffb-sub-title-2 *:after,\n.ffb-id-hvbbf75 .ffb-sub-title-2 *:hover,\n.ffb-id-hvbbf75 .ffb-sub-title-2 *:focus{ \nfont-family: 'Roboto', Arial, sans-serif !important;\nfont-style: normal !important;\n}\n.ffb-id-hvbbf75 .ffb-sub-title-2{ \nfont-size: 14px !important;\nfont-weight: 400 !important;\n}\n.ffb-id-hvbbf75 .ffb-sub-title-2 ,\n.ffb-id-hvbbf75 .ffb-sub-title-2:before,\n.ffb-id-hvbbf75 .ffb-sub-title-2:after,\n.ffb-id-hvbbf75 .ffb-sub-title-2:hover,\n.ffb-id-hvbbf75 .ffb-sub-title-2:focus,\n.ffb-id-hvbbf75 .ffb-sub-title-2 *,\n.ffb-id-hvbbf75 .ffb-sub-title-2 *:before,\n.ffb-id-hvbbf75 .ffb-sub-title-2 *:after,\n.ffb-id-hvbbf75 .ffb-sub-title-2 *:hover,\n.ffb-id-hvbbf75 .ffb-sub-title-2 *:focus{ \nfont-size: 14px !important;\nfont-weight: 400 !important;\n}\n.ffb-id-hvbbf75{ \nmargin-top: 0px;\nmargin-bottom: 30px;\npadding-top: 40px;\npadding-right: 40px;\npadding-bottom: 40px;\npadding-left: 40px;\n\n}\n@media (min-width:992px) { \n.ffb-id-hvbbf75{ \nmargin-top: 50px;\nmargin-right: -40px;\nmargin-bottom: 80px;\n\n}\n}<\/style><script type=\"text\/javascript\"><\/script><style><\/style><script type=\"text\/javascript\"><\/script><div class=\"ffb-id-37javpsb ffg-empty-space fg-text-dark\"><\/div><style>.ffb-id-37javpsb{ height: 30px;}<\/style><script type=\"text\/javascript\"><\/script><style>.ffb-id-37javpsb{ \nheight: 30px;\n}\n<\/style><script type=\"text\/javascript\"><\/script><section class=\"ffb-id-3dp7g5te fg-section fg-text-dark\"><div class=\"fg-container container fg-container-large fg-container-lvl--1 \"><div class=\"fg-row row    \" ><div class=\"ffb-id-3dp7g5tf fg-col col-xs-12 col-md-12 fg-text-dark\"><div class=\"ffb-id-3dp7g5th buttons-el-wrapper text-center    fg-text-dark\"><a href=\"https:\/\/virginiedrouot.com\/en\/inspiration\/\" class=\"ffb-block-button-1-0 ffb-btn ffb-btn-v1 ffb-btn-link  btn-base-brd-slide btn-slide  btn-base-md    btn-w-auto fg-text-dark ffb-button1-1\"><span class=\"btn-text\">All inspiration<\/span><\/a><\/div><\/div><\/div><\/div><\/section><style>.ffb-id-3dp7g5th .ffb-button1-1.ffb-block-button-1-0.btn-base-brd-slide{ color:#ffffff;}.ffb-id-3dp7g5th .ffb-button1-1.ffb-block-button-1-0.btn-base-brd-slide:hover{ color:#ffffff;}.ffb-id-3dp7g5th .ffb-button1-1.ffb-block-button-1-0.btn-base-brd-slide{ border-color: transparent;}.ffb-id-3dp7g5th .ffb-button1-1.ffb-block-button-1-0.btn-base-brd-slide:hover{ border-color: transparent;}.ffb-id-3dp7g5th .ffb-button1-1.ffb-block-button-1-0.btn-base-brd-slide{ background-color:#cc9e29;}.ffb-id-3dp7g5th .ffb-button1-1.ffb-block-button-1-0.btn-base-brd-slide:hover{ background-color:rgba(8, 8, 8, 0.7);}<\/style><script type=\"text\/javascript\"><\/script><\/p>\n","protected":false},"excerpt":{"rendered":"","protected":false},"author":1,"featured_media":0,"parent":1554,"menu_order":0,"comment_status":"closed","ping_status":"closed","template":"","meta":{"footnotes":""},"class_list":["post-1714","page","type-page","status-publish","hentry","post-wrapper"],"yoast_head":"<!-- This site is optimized with the Yoast SEO plugin v24.1 - https:\/\/yoast.com\/wordpress\/plugins\/seo\/ -->\n<title>Inspiration light - Virginie Drouot<\/title>\n<meta name=\"robots\" content=\"index, follow, max-snippet:-1, max-image-preview:large, max-video-preview:-1\" \/>\n<link rel=\"canonical\" href=\"https:\/\/virginiedrouot.com\/en\/inspiration\/inspiration-light\/\" \/>\n<meta property=\"og:locale\" content=\"en_US\" \/>\n<meta property=\"og:type\" content=\"article\" \/>\n<meta property=\"og:title\" content=\"Inspiration light - Virginie Drouot\" \/>\n<meta property=\"og:url\" content=\"https:\/\/virginiedrouot.com\/en\/inspiration\/inspiration-light\/\" \/>\n<meta property=\"og:site_name\" content=\"Virginie Drouot\" \/>\n<meta property=\"article:modified_time\" content=\"2019-09-26T09:43:14+00:00\" \/>\n<meta name=\"twitter:card\" content=\"summary_large_image\" \/>\n<meta name=\"twitter:label1\" content=\"Est. reading time\" \/>\n\t<meta name=\"twitter:data1\" content=\"18 minutes\" \/>\n<script type=\"application\/ld+json\" class=\"yoast-schema-graph\">{\"@context\":\"https:\/\/schema.org\",\"@graph\":[{\"@type\":\"WebPage\",\"@id\":\"https:\/\/virginiedrouot.com\/en\/inspiration\/inspiration-light\/\",\"url\":\"https:\/\/virginiedrouot.com\/en\/inspiration\/inspiration-light\/\",\"name\":\"Inspiration light - Virginie Drouot\",\"isPartOf\":{\"@id\":\"https:\/\/virginiedrouot.com\/#website\"},\"datePublished\":\"2019-01-29T16:15:24+00:00\",\"dateModified\":\"2019-09-26T09:43:14+00:00\",\"breadcrumb\":{\"@id\":\"https:\/\/virginiedrouot.com\/en\/inspiration\/inspiration-light\/#breadcrumb\"},\"inLanguage\":\"en-US\",\"potentialAction\":[{\"@type\":\"ReadAction\",\"target\":[\"https:\/\/virginiedrouot.com\/en\/inspiration\/inspiration-light\/\"]}]},{\"@type\":\"BreadcrumbList\",\"@id\":\"https:\/\/virginiedrouot.com\/en\/inspiration\/inspiration-light\/#breadcrumb\",\"itemListElement\":[{\"@type\":\"ListItem\",\"position\":1,\"name\":\"Accueil\",\"item\":\"https:\/\/virginiedrouot.com\/en\/\"},{\"@type\":\"ListItem\",\"position\":2,\"name\":\"Inspiration\",\"item\":\"https:\/\/virginiedrouot.com\/en\/inspiration\/\"},{\"@type\":\"ListItem\",\"position\":3,\"name\":\"Inspiration light\"}]},{\"@type\":\"WebSite\",\"@id\":\"https:\/\/virginiedrouot.com\/#website\",\"url\":\"https:\/\/virginiedrouot.com\/\",\"name\":\"Virginie Drouot\",\"description\":\"Mise en lumi\u00e8re et d\u00e9coration \u00e0 Maisons-Laffitte\",\"potentialAction\":[{\"@type\":\"SearchAction\",\"target\":{\"@type\":\"EntryPoint\",\"urlTemplate\":\"https:\/\/virginiedrouot.com\/?s={search_term_string}\"},\"query-input\":{\"@type\":\"PropertyValueSpecification\",\"valueRequired\":true,\"valueName\":\"search_term_string\"}}],\"inLanguage\":\"en-US\"}]}<\/script>\n<!-- \/ Yoast SEO plugin. -->","yoast_head_json":{"title":"Inspiration light - Virginie Drouot","robots":{"index":"index","follow":"follow","max-snippet":"max-snippet:-1","max-image-preview":"max-image-preview:large","max-video-preview":"max-video-preview:-1"},"canonical":"https:\/\/virginiedrouot.com\/en\/inspiration\/inspiration-light\/","og_locale":"en_US","og_type":"article","og_title":"Inspiration light - Virginie Drouot","og_url":"https:\/\/virginiedrouot.com\/en\/inspiration\/inspiration-light\/","og_site_name":"Virginie Drouot","article_modified_time":"2019-09-26T09:43:14+00:00","twitter_card":"summary_large_image","twitter_misc":{"Est. reading time":"18 minutes"},"schema":{"@context":"https:\/\/schema.org","@graph":[{"@type":"WebPage","@id":"https:\/\/virginiedrouot.com\/en\/inspiration\/inspiration-light\/","url":"https:\/\/virginiedrouot.com\/en\/inspiration\/inspiration-light\/","name":"Inspiration light - Virginie Drouot","isPartOf":{"@id":"https:\/\/virginiedrouot.com\/#website"},"datePublished":"2019-01-29T16:15:24+00:00","dateModified":"2019-09-26T09:43:14+00:00","breadcrumb":{"@id":"https:\/\/virginiedrouot.com\/en\/inspiration\/inspiration-light\/#breadcrumb"},"inLanguage":"en-US","potentialAction":[{"@type":"ReadAction","target":["https:\/\/virginiedrouot.com\/en\/inspiration\/inspiration-light\/"]}]},{"@type":"BreadcrumbList","@id":"https:\/\/virginiedrouot.com\/en\/inspiration\/inspiration-light\/#breadcrumb","itemListElement":[{"@type":"ListItem","position":1,"name":"Accueil","item":"https:\/\/virginiedrouot.com\/en\/"},{"@type":"ListItem","position":2,"name":"Inspiration","item":"https:\/\/virginiedrouot.com\/en\/inspiration\/"},{"@type":"ListItem","position":3,"name":"Inspiration light"}]},{"@type":"WebSite","@id":"https:\/\/virginiedrouot.com\/#website","url":"https:\/\/virginiedrouot.com\/","name":"Virginie Drouot","description":"Mise en lumi\u00e8re et d\u00e9coration \u00e0 Maisons-Laffitte","potentialAction":[{"@type":"SearchAction","target":{"@type":"EntryPoint","urlTemplate":"https:\/\/virginiedrouot.com\/?s={search_term_string}"},"query-input":{"@type":"PropertyValueSpecification","valueRequired":true,"valueName":"search_term_string"}}],"inLanguage":"en-US"}]}},"_links":{"self":[{"href":"https:\/\/virginiedrouot.com\/en\/wp-json\/wp\/v2\/pages\/1714","targetHints":{"allow":["GET"]}}],"collection":[{"href":"https:\/\/virginiedrouot.com\/en\/wp-json\/wp\/v2\/pages"}],"about":[{"href":"https:\/\/virginiedrouot.com\/en\/wp-json\/wp\/v2\/types\/page"}],"author":[{"embeddable":true,"href":"https:\/\/virginiedrouot.com\/en\/wp-json\/wp\/v2\/users\/1"}],"replies":[{"embeddable":true,"href":"https:\/\/virginiedrouot.com\/en\/wp-json\/wp\/v2\/comments?post=1714"}],"version-history":[{"count":7,"href":"https:\/\/virginiedrouot.com\/en\/wp-json\/wp\/v2\/pages\/1714\/revisions"}],"predecessor-version":[{"id":1742,"href":"https:\/\/virginiedrouot.com\/en\/wp-json\/wp\/v2\/pages\/1714\/revisions\/1742"}],"up":[{"embeddable":true,"href":"https:\/\/virginiedrouot.com\/en\/wp-json\/wp\/v2\/pages\/1554"}],"wp:attachment":[{"href":"https:\/\/virginiedrouot.com\/en\/wp-json\/wp\/v2\/media?parent=1714"}],"curies":[{"name":"wp","href":"https:\/\/api.w.org\/{rel}","templated":true}]}}