{"id":1623,"date":"2019-01-16T15:30:27","date_gmt":"2019-01-16T15:30:27","guid":{"rendered":"https:\/\/virginiedrouot.com\/politique-de-confidentialite\/"},"modified":"2019-08-21T12:17:46","modified_gmt":"2019-08-21T12:17:46","slug":"privacy-policy","status":"publish","type":"page","link":"https:\/\/virginiedrouot.com\/en\/privacy-policy\/","title":{"rendered":"Privacy policy"},"content":{"rendered":"<h2><strong>Privacy policy<br \/>\n<\/strong><\/h2>\n<p><strong>Introduction<\/strong><br \/>\nFaced with the development of new communication tools, it is necessary to pay particular attention to the protection of privacy. Therefore, we are committed to respecting the privacy of the personal information we collect.<\/p>\n<p><strong>Who are we ?<\/strong><br \/>\nVirginie Drouot<br \/>\nE-mail: virginie.drouot@gmail.com<br \/>\nWebsite: www.virginiedrouot.com<\/p>\n<p><span class=\"tlid-translation translation\" lang=\"en\"><strong><span title=\"\">Collection of personal information<\/span><\/strong><br \/>\n<span class=\"\" title=\"\">We collect the following information:<\/span><\/span><\/p>\n<p>Name<br \/>\nEmail address<\/p>\n<p><span class=\"tlid-translation translation\" lang=\"en\"><span title=\"\">The personal information we collect is collected through the contact form and through the interactivity established between you and our website.<\/span><br \/>\n<span class=\"\" title=\"\">We never communicate them to third parties.<\/span><\/span><\/p>\n<p><strong>Why we collect them<\/strong><br \/>\n<span class=\"tlid-translation translation\" lang=\"en\"><span class=\"\" title=\"\">We use the information collected to stay in touch with you.<\/span><\/span><\/p>\n<p><strong><span class=\"tlid-translation translation\" lang=\"en\"><span class=\"\" title=\"\">Duration of data storage<\/span><\/span><\/strong><br \/>\n<span class=\"tlid-translation translation\" lang=\"en\"><span class=\"\" title=\"\">They are kept for a maximum of 3 months.<\/span><\/span><\/p>\n<p><strong>Cookies<\/strong><br \/>\nGDPR<br \/>\n<span class=\"tlid-translation translation\" lang=\"en\"><span class=\"\" title=\"\">GDPR is the extension for data protection, during the open session only.<\/span><\/span><\/p>\n<p>Akismet<br \/>\n<span class=\"tlid-translation translation\" lang=\"en\"><span class=\"\" title=\"\">We collect information about visitors who comment on sites using Akismet, our service against unwanted spam.<\/span> <span class=\"\" title=\"\">This collected information depends on the Akismet settings made by the user on the site, and usually includes commentator IP address, user agent, referent, and site URL (as well as other information provided directly by the user).<\/span> <span class=\"\" title=\"\">commentator like their name, username, e-mail address and comment).<\/span><\/span> <a href=\"https:\/\/automattic.com\/privacy\/\" target=\"_blank\" rel=\"noopener noreferrer\">Akismet privacy policy<\/a>.<\/p>\n<p><strong><span class=\"tlid-translation translation\" lang=\"en\"><span class=\"\" title=\"\">Access to your data<\/span><\/span><\/strong><br \/>\n<span class=\"tlid-translation translation\" lang=\"en\"><span class=\"\" title=\"\">We are committed to recognizing a right of access and rectification to those concerned wishing to consult, modify or delete information concerning themselves.<\/span><\/span><\/p>\n<p><span class=\"tlid-translation translation\" lang=\"en\"><span class=\"\" title=\"\">If you want to change your information (name and email address), send us your current email address and any desired changes.<\/span><\/span><\/p>\n<p><strong><span class=\"tlid-translation translation\" lang=\"en\"><span class=\"\" title=\"\">Right of opposition and withdrawal<\/span><\/span><\/strong><br \/>\n<span class=\"tlid-translation translation\" lang=\"en\"><span title=\"\">We are committed to offering you the right to oppose and opt out of your personal information.<\/span><br \/>\n<span title=\"\">The right of opposition is understood as the possibility offered to Internet users to refuse that their personal information be used for certain purposes mentioned during the collection.<\/span><br \/>\n<span class=\"\" title=\"\">The right of withdrawal is understood as the possibility offered to Internet users to request that their personal information no longer appear, for example, in a mailing list.<\/span><\/span><\/p>\n<p><span class=\"tlid-translation translation\" lang=\"en\"><span class=\"\" title=\"\">To delete your account or to know information about youreslf: send an e-mail to<\/span><\/span> virginie.drouot@gmail.com<\/p>\n<p><strong>Security<\/strong><br \/>\n<span class=\"tlid-translation translation\" lang=\"en\"><span title=\"\">We apply generally accepted technological and organizational security measures to ensure that personal data collected is neither lost, diverted, accessed, altered, nor disclosed by unauthorized third parties unless the disclosure of such data is required by law: <\/span><span class=\"\" title=\"\">particularly at the request of a judicial authority, police or any other authority authorized by law.<\/span><\/span><\/p>\n<p><span class=\"tlid-translation translation\" lang=\"en\"><span title=\"\">Send us a message about the security of your data.<\/span> <span class=\"\" title=\"\">Write down your e-mail and tell us what's going on<\/span><\/span> : virginie.drouot@gmail.com<\/p>\n<p><strong>Legislation<\/strong><br \/>\n<span class=\"tlid-translation translation\" lang=\"en\"><span class=\"\" title=\"\">We are committed to respecting French and European legislation.<\/span><\/span><\/p>\n<p>&nbsp;<\/p>\n","protected":false},"excerpt":{"rendered":"<p>Privacy policy Introduction Faced with the development of new communication tools, it is necessary to pay particular attention to the protection of privacy. Therefore, we are committed to respecting the privacy of the personal information we collect. Who are we ? Virginie Drouot E-mail: virginie.drouot@gmail.com Website: www.virginiedrouot.com Collection of personal information We collect the following [&hellip;]<\/p>\n","protected":false},"author":1,"featured_media":0,"parent":0,"menu_order":0,"comment_status":"closed","ping_status":"closed","template":"","meta":{"footnotes":""},"class_list":["post-1623","page","type-page","status-publish","hentry","post-wrapper"],"yoast_head":"<!-- This site is optimized with the Yoast SEO plugin v24.1 - https:\/\/yoast.com\/wordpress\/plugins\/seo\/ -->\n<title>Privacy policy - Virginie Drouot<\/title>\n<meta name=\"robots\" content=\"index, follow, max-snippet:-1, max-image-preview:large, max-video-preview:-1\" \/>\n<link rel=\"canonical\" href=\"https:\/\/virginiedrouot.com\/en\/privacy-policy\/\" \/>\n<meta property=\"og:locale\" content=\"en_US\" \/>\n<meta property=\"og:type\" content=\"article\" \/>\n<meta property=\"og:title\" content=\"Privacy policy - Virginie Drouot\" \/>\n<meta property=\"og:description\" content=\"Privacy policy Introduction Faced with the development of new communication tools, it is necessary to pay particular attention to the protection of privacy. Therefore, we are committed to respecting the privacy of the personal information we collect. Who are we ? Virginie Drouot E-mail: virginie.drouot@gmail.com Website: www.virginiedrouot.com Collection of personal information We collect the following\" \/>\n<meta property=\"og:url\" content=\"https:\/\/virginiedrouot.com\/en\/privacy-policy\/\" \/>\n<meta property=\"og:site_name\" content=\"Virginie Drouot\" \/>\n<meta property=\"article:modified_time\" content=\"2019-08-21T12:17:46+00:00\" \/>\n<meta name=\"twitter:card\" content=\"summary_large_image\" \/>\n<meta name=\"twitter:label1\" content=\"Est. reading time\" \/>\n\t<meta name=\"twitter:data1\" content=\"2 minutes\" \/>\n<script type=\"application\/ld+json\" class=\"yoast-schema-graph\">{\"@context\":\"https:\/\/schema.org\",\"@graph\":[{\"@type\":\"WebPage\",\"@id\":\"https:\/\/virginiedrouot.com\/en\/privacy-policy\/\",\"url\":\"https:\/\/virginiedrouot.com\/en\/privacy-policy\/\",\"name\":\"Privacy policy - Virginie Drouot\",\"isPartOf\":{\"@id\":\"https:\/\/virginiedrouot.com\/#website\"},\"datePublished\":\"2019-01-16T15:30:27+00:00\",\"dateModified\":\"2019-08-21T12:17:46+00:00\",\"breadcrumb\":{\"@id\":\"https:\/\/virginiedrouot.com\/en\/privacy-policy\/#breadcrumb\"},\"inLanguage\":\"en-US\",\"potentialAction\":[{\"@type\":\"ReadAction\",\"target\":[\"https:\/\/virginiedrouot.com\/en\/privacy-policy\/\"]}]},{\"@type\":\"BreadcrumbList\",\"@id\":\"https:\/\/virginiedrouot.com\/en\/privacy-policy\/#breadcrumb\",\"itemListElement\":[{\"@type\":\"ListItem\",\"position\":1,\"name\":\"Accueil\",\"item\":\"https:\/\/virginiedrouot.com\/en\/\"},{\"@type\":\"ListItem\",\"position\":2,\"name\":\"Privacy policy\"}]},{\"@type\":\"WebSite\",\"@id\":\"https:\/\/virginiedrouot.com\/#website\",\"url\":\"https:\/\/virginiedrouot.com\/\",\"name\":\"Virginie Drouot\",\"description\":\"Mise en lumi\u00e8re et d\u00e9coration \u00e0 Maisons-Laffitte\",\"potentialAction\":[{\"@type\":\"SearchAction\",\"target\":{\"@type\":\"EntryPoint\",\"urlTemplate\":\"https:\/\/virginiedrouot.com\/?s={search_term_string}\"},\"query-input\":{\"@type\":\"PropertyValueSpecification\",\"valueRequired\":true,\"valueName\":\"search_term_string\"}}],\"inLanguage\":\"en-US\"}]}<\/script>\n<!-- \/ Yoast SEO plugin. -->","yoast_head_json":{"title":"Privacy policy - Virginie Drouot","robots":{"index":"index","follow":"follow","max-snippet":"max-snippet:-1","max-image-preview":"max-image-preview:large","max-video-preview":"max-video-preview:-1"},"canonical":"https:\/\/virginiedrouot.com\/en\/privacy-policy\/","og_locale":"en_US","og_type":"article","og_title":"Privacy policy - Virginie Drouot","og_description":"Privacy policy Introduction Faced with the development of new communication tools, it is necessary to pay particular attention to the protection of privacy. Therefore, we are committed to respecting the privacy of the personal information we collect. Who are we ? Virginie Drouot E-mail: virginie.drouot@gmail.com Website: www.virginiedrouot.com Collection of personal information We collect the following","og_url":"https:\/\/virginiedrouot.com\/en\/privacy-policy\/","og_site_name":"Virginie Drouot","article_modified_time":"2019-08-21T12:17:46+00:00","twitter_card":"summary_large_image","twitter_misc":{"Est. reading time":"2 minutes"},"schema":{"@context":"https:\/\/schema.org","@graph":[{"@type":"WebPage","@id":"https:\/\/virginiedrouot.com\/en\/privacy-policy\/","url":"https:\/\/virginiedrouot.com\/en\/privacy-policy\/","name":"Privacy policy - Virginie Drouot","isPartOf":{"@id":"https:\/\/virginiedrouot.com\/#website"},"datePublished":"2019-01-16T15:30:27+00:00","dateModified":"2019-08-21T12:17:46+00:00","breadcrumb":{"@id":"https:\/\/virginiedrouot.com\/en\/privacy-policy\/#breadcrumb"},"inLanguage":"en-US","potentialAction":[{"@type":"ReadAction","target":["https:\/\/virginiedrouot.com\/en\/privacy-policy\/"]}]},{"@type":"BreadcrumbList","@id":"https:\/\/virginiedrouot.com\/en\/privacy-policy\/#breadcrumb","itemListElement":[{"@type":"ListItem","position":1,"name":"Accueil","item":"https:\/\/virginiedrouot.com\/en\/"},{"@type":"ListItem","position":2,"name":"Privacy policy"}]},{"@type":"WebSite","@id":"https:\/\/virginiedrouot.com\/#website","url":"https:\/\/virginiedrouot.com\/","name":"Virginie Drouot","description":"Mise en lumi\u00e8re et d\u00e9coration \u00e0 Maisons-Laffitte","potentialAction":[{"@type":"SearchAction","target":{"@type":"EntryPoint","urlTemplate":"https:\/\/virginiedrouot.com\/?s={search_term_string}"},"query-input":{"@type":"PropertyValueSpecification","valueRequired":true,"valueName":"search_term_string"}}],"inLanguage":"en-US"}]}},"_links":{"self":[{"href":"https:\/\/virginiedrouot.com\/en\/wp-json\/wp\/v2\/pages\/1623","targetHints":{"allow":["GET"]}}],"collection":[{"href":"https:\/\/virginiedrouot.com\/en\/wp-json\/wp\/v2\/pages"}],"about":[{"href":"https:\/\/virginiedrouot.com\/en\/wp-json\/wp\/v2\/types\/page"}],"author":[{"embeddable":true,"href":"https:\/\/virginiedrouot.com\/en\/wp-json\/wp\/v2\/users\/1"}],"replies":[{"embeddable":true,"href":"https:\/\/virginiedrouot.com\/en\/wp-json\/wp\/v2\/comments?post=1623"}],"version-history":[{"count":11,"href":"https:\/\/virginiedrouot.com\/en\/wp-json\/wp\/v2\/pages\/1623\/revisions"}],"predecessor-version":[{"id":1659,"href":"https:\/\/virginiedrouot.com\/en\/wp-json\/wp\/v2\/pages\/1623\/revisions\/1659"}],"wp:attachment":[{"href":"https:\/\/virginiedrouot.com\/en\/wp-json\/wp\/v2\/media?parent=1623"}],"curies":[{"name":"wp","href":"https:\/\/api.w.org\/{rel}","templated":true}]}}