{"id":1615,"date":"2019-01-16T16:24:42","date_gmt":"2019-01-16T16:24:42","guid":{"rendered":"https:\/\/virginiedrouot.com\/mentions-legales\/"},"modified":"2024-12-29T13:20:40","modified_gmt":"2024-12-29T13:20:40","slug":"legal-mentions","status":"publish","type":"page","link":"https:\/\/virginiedrouot.com\/en\/legal-mentions\/","title":{"rendered":"Legal mentions"},"content":{"rendered":"<section class=\"ffb-id-2pvs6a6d fg-section fg-text-dark\"><div class=\"fg-container container fg-container-large fg-container-lvl--1 \"><div class=\"fg-row row    \" ><div class=\"ffb-id-2pvs6a6e fg-col col-xs-12 col-md-6 fg-text-dark\"><img decoding=\"async\" class=\"ffb-id-2pvsevgj fg-image  img-responsive full-width fg-text-dark\" src=\"https:\/\/virginiedrouot.com\/wp-content\/uploads\/2019\/01\/IMG_5469-e1548239534337.jpg\" alt=\"IMG_5469\"><div class=\"ffb-id-2svqk0r2 ffg-empty-space fg-text-dark\"><\/div><\/div><div class=\"ffb-id-2pvs6a6f fg-col col-xs-12 col-md-6 fg-text-dark\"><div class=\"ffb-id-2pvs825o fg-paragraph ff-richtext text-left    fg-text-dark\"><\/p>\n<h2><strong>Legal mentions<\/strong><\/h2>\n<p>This website is the property of Virginie Joudelat.<br \/>According to French law &ldquo;Article L341 du code de la Propri&eacute;t&eacute; Intellectuelle&rdquo;, it is not permitted to extract any part whatsoever of the information found on this website.<\/p>\n<p><strong>Editor:<\/strong><br \/>Virginie Joudelat<br \/>Email : virginiejoudelat@gmail.com<\/p>\n<p><strong>Responsible for the website:<\/strong><br \/>Virginie Joudelat<\/p>\n<p><strong>Privacy policy:<\/strong><br \/><a href=\"https:\/\/virginiedrouot.com\/en\/privacy-policy\/\">Clic here<\/a><\/p>\n<p><strong>\"Droit d&rsquo;auteur\" &ndash; Copyright:<\/strong><br \/>This website relates to French and International law concerning copyright and intellectual property. All rights are reserved, including downloadable documents, as well as drawings, logos and photographs. The reproduction of all or part of this website on any format whatsoever, electronic or paper, is forbidden except if you are authorized by the Responsible for the website.<br \/>The brands quoted on the website are registred by their owners.<\/p>\n<p>Logo and website : Viveca Llorens<br \/>Images : Virginie Joudelat, Emelyne Baudhuin Mahot and <a href=\"http:\/\/www.vanessabuhrig.com\/\">Vanessa Buhrig<\/a><br \/>Social media, images et support : Communication Agency No-us by Emy and Max <img loading=\"lazy\" decoding=\"async\" src=\"https:\/\/virginiedrouot.com\/wp-content\/uploads\/2019\/07\/logo-No-Us.png\" alt=\"\" width=\"75\" height=\"35\" \/><\/p>\n<p><strong>Web hoster:<\/strong><br \/>Planethoster<br \/>150 Pierre Mercure<br \/>Montr&eacute;al, Qu&eacute;bec<br \/>H1A 5A9<br \/>Canada<\/p>\n<p><\/div><\/div><\/div><\/div><\/section><style>.ffb-id-2svqk0r2{ height: 30px;}<\/style><script type=\"text\/javascript\"><\/script>\n","protected":false},"excerpt":{"rendered":"","protected":false},"author":1,"featured_media":0,"parent":0,"menu_order":0,"comment_status":"closed","ping_status":"closed","template":"","meta":{"footnotes":""},"class_list":["post-1615","page","type-page","status-publish","hentry","post-wrapper"],"yoast_head":"<!-- This site is optimized with the Yoast SEO plugin v24.1 - https:\/\/yoast.com\/wordpress\/plugins\/seo\/ -->\n<title>Legal mentions - Virginie Drouot<\/title>\n<meta name=\"robots\" content=\"index, follow, max-snippet:-1, max-image-preview:large, max-video-preview:-1\" \/>\n<link rel=\"canonical\" href=\"https:\/\/virginiedrouot.com\/en\/legal-mentions\/\" \/>\n<meta property=\"og:locale\" content=\"en_US\" \/>\n<meta property=\"og:type\" content=\"article\" \/>\n<meta property=\"og:title\" content=\"Legal mentions - Virginie Drouot\" \/>\n<meta property=\"og:url\" content=\"https:\/\/virginiedrouot.com\/en\/legal-mentions\/\" \/>\n<meta property=\"og:site_name\" content=\"Virginie Drouot\" \/>\n<meta property=\"article:modified_time\" content=\"2024-12-29T13:20:40+00:00\" \/>\n<meta property=\"og:image\" content=\"https:\/\/virginiedrouot.com\/wp-content\/uploads\/2019\/07\/logo-No-Us.png\" \/>\n<meta name=\"twitter:card\" content=\"summary_large_image\" \/>\n<meta name=\"twitter:label1\" content=\"Est. reading time\" \/>\n\t<meta name=\"twitter:data1\" content=\"2 minutes\" \/>\n<script type=\"application\/ld+json\" class=\"yoast-schema-graph\">{\"@context\":\"https:\/\/schema.org\",\"@graph\":[{\"@type\":\"WebPage\",\"@id\":\"https:\/\/virginiedrouot.com\/en\/legal-mentions\/\",\"url\":\"https:\/\/virginiedrouot.com\/en\/legal-mentions\/\",\"name\":\"Legal mentions - Virginie Drouot\",\"isPartOf\":{\"@id\":\"https:\/\/virginiedrouot.com\/#website\"},\"primaryImageOfPage\":{\"@id\":\"https:\/\/virginiedrouot.com\/en\/legal-mentions\/#primaryimage\"},\"image\":{\"@id\":\"https:\/\/virginiedrouot.com\/en\/legal-mentions\/#primaryimage\"},\"thumbnailUrl\":\"https:\/\/virginiedrouot.com\/wp-content\/uploads\/2019\/07\/logo-No-Us.png\",\"datePublished\":\"2019-01-16T16:24:42+00:00\",\"dateModified\":\"2024-12-29T13:20:40+00:00\",\"breadcrumb\":{\"@id\":\"https:\/\/virginiedrouot.com\/en\/legal-mentions\/#breadcrumb\"},\"inLanguage\":\"en-US\",\"potentialAction\":[{\"@type\":\"ReadAction\",\"target\":[\"https:\/\/virginiedrouot.com\/en\/legal-mentions\/\"]}]},{\"@type\":\"ImageObject\",\"inLanguage\":\"en-US\",\"@id\":\"https:\/\/virginiedrouot.com\/en\/legal-mentions\/#primaryimage\",\"url\":\"https:\/\/virginiedrouot.com\/wp-content\/uploads\/2019\/07\/logo-No-Us.png\",\"contentUrl\":\"https:\/\/virginiedrouot.com\/wp-content\/uploads\/2019\/07\/logo-No-Us.png\"},{\"@type\":\"BreadcrumbList\",\"@id\":\"https:\/\/virginiedrouot.com\/en\/legal-mentions\/#breadcrumb\",\"itemListElement\":[{\"@type\":\"ListItem\",\"position\":1,\"name\":\"Accueil\",\"item\":\"https:\/\/virginiedrouot.com\/en\/\"},{\"@type\":\"ListItem\",\"position\":2,\"name\":\"Legal mentions\"}]},{\"@type\":\"WebSite\",\"@id\":\"https:\/\/virginiedrouot.com\/#website\",\"url\":\"https:\/\/virginiedrouot.com\/\",\"name\":\"Virginie Drouot\",\"description\":\"Mise en lumi\u00e8re et d\u00e9coration \u00e0 Maisons-Laffitte\",\"potentialAction\":[{\"@type\":\"SearchAction\",\"target\":{\"@type\":\"EntryPoint\",\"urlTemplate\":\"https:\/\/virginiedrouot.com\/?s={search_term_string}\"},\"query-input\":{\"@type\":\"PropertyValueSpecification\",\"valueRequired\":true,\"valueName\":\"search_term_string\"}}],\"inLanguage\":\"en-US\"}]}<\/script>\n<!-- \/ Yoast SEO plugin. -->","yoast_head_json":{"title":"Legal mentions - Virginie Drouot","robots":{"index":"index","follow":"follow","max-snippet":"max-snippet:-1","max-image-preview":"max-image-preview:large","max-video-preview":"max-video-preview:-1"},"canonical":"https:\/\/virginiedrouot.com\/en\/legal-mentions\/","og_locale":"en_US","og_type":"article","og_title":"Legal mentions - Virginie Drouot","og_url":"https:\/\/virginiedrouot.com\/en\/legal-mentions\/","og_site_name":"Virginie Drouot","article_modified_time":"2024-12-29T13:20:40+00:00","og_image":[{"url":"https:\/\/virginiedrouot.com\/wp-content\/uploads\/2019\/07\/logo-No-Us.png","type":"","width":"","height":""}],"twitter_card":"summary_large_image","twitter_misc":{"Est. reading time":"2 minutes"},"schema":{"@context":"https:\/\/schema.org","@graph":[{"@type":"WebPage","@id":"https:\/\/virginiedrouot.com\/en\/legal-mentions\/","url":"https:\/\/virginiedrouot.com\/en\/legal-mentions\/","name":"Legal mentions - Virginie Drouot","isPartOf":{"@id":"https:\/\/virginiedrouot.com\/#website"},"primaryImageOfPage":{"@id":"https:\/\/virginiedrouot.com\/en\/legal-mentions\/#primaryimage"},"image":{"@id":"https:\/\/virginiedrouot.com\/en\/legal-mentions\/#primaryimage"},"thumbnailUrl":"https:\/\/virginiedrouot.com\/wp-content\/uploads\/2019\/07\/logo-No-Us.png","datePublished":"2019-01-16T16:24:42+00:00","dateModified":"2024-12-29T13:20:40+00:00","breadcrumb":{"@id":"https:\/\/virginiedrouot.com\/en\/legal-mentions\/#breadcrumb"},"inLanguage":"en-US","potentialAction":[{"@type":"ReadAction","target":["https:\/\/virginiedrouot.com\/en\/legal-mentions\/"]}]},{"@type":"ImageObject","inLanguage":"en-US","@id":"https:\/\/virginiedrouot.com\/en\/legal-mentions\/#primaryimage","url":"https:\/\/virginiedrouot.com\/wp-content\/uploads\/2019\/07\/logo-No-Us.png","contentUrl":"https:\/\/virginiedrouot.com\/wp-content\/uploads\/2019\/07\/logo-No-Us.png"},{"@type":"BreadcrumbList","@id":"https:\/\/virginiedrouot.com\/en\/legal-mentions\/#breadcrumb","itemListElement":[{"@type":"ListItem","position":1,"name":"Accueil","item":"https:\/\/virginiedrouot.com\/en\/"},{"@type":"ListItem","position":2,"name":"Legal mentions"}]},{"@type":"WebSite","@id":"https:\/\/virginiedrouot.com\/#website","url":"https:\/\/virginiedrouot.com\/","name":"Virginie Drouot","description":"Mise en lumi\u00e8re et d\u00e9coration \u00e0 Maisons-Laffitte","potentialAction":[{"@type":"SearchAction","target":{"@type":"EntryPoint","urlTemplate":"https:\/\/virginiedrouot.com\/?s={search_term_string}"},"query-input":{"@type":"PropertyValueSpecification","valueRequired":true,"valueName":"search_term_string"}}],"inLanguage":"en-US"}]}},"_links":{"self":[{"href":"https:\/\/virginiedrouot.com\/en\/wp-json\/wp\/v2\/pages\/1615","targetHints":{"allow":["GET"]}}],"collection":[{"href":"https:\/\/virginiedrouot.com\/en\/wp-json\/wp\/v2\/pages"}],"about":[{"href":"https:\/\/virginiedrouot.com\/en\/wp-json\/wp\/v2\/types\/page"}],"author":[{"embeddable":true,"href":"https:\/\/virginiedrouot.com\/en\/wp-json\/wp\/v2\/users\/1"}],"replies":[{"embeddable":true,"href":"https:\/\/virginiedrouot.com\/en\/wp-json\/wp\/v2\/comments?post=1615"}],"version-history":[{"count":10,"href":"https:\/\/virginiedrouot.com\/en\/wp-json\/wp\/v2\/pages\/1615\/revisions"}],"predecessor-version":[{"id":1919,"href":"https:\/\/virginiedrouot.com\/en\/wp-json\/wp\/v2\/pages\/1615\/revisions\/1919"}],"wp:attachment":[{"href":"https:\/\/virginiedrouot.com\/en\/wp-json\/wp\/v2\/media?parent=1615"}],"curies":[{"name":"wp","href":"https:\/\/api.w.org\/{rel}","templated":true}]}}