{"id":1554,"date":"2018-12-19T10:06:51","date_gmt":"2018-12-19T10:06:51","guid":{"rendered":"https:\/\/virginiedrouot.com\/inspiration\/"},"modified":"2019-09-23T09:35:43","modified_gmt":"2019-09-23T09:35:43","slug":"inspiration","status":"publish","type":"page","link":"https:\/\/virginiedrouot.com\/en\/inspiration\/","title":{"rendered":"Inspiration"},"content":{"rendered":"<p><section class=\"ffb-id-jds4qmt fg-section fg-text-dark\"><div class=\"fg-container container fg-container-large fg-container-lvl--1 \"><div class=\"fg-row row    \" ><div class=\"ffb-id-jds4qmu fg-col col-xs-12 col-md-12 fg-text-dark\"><section class=\"ffb-id-qg85h0h section-heading fg-text-dark\"><h2 class=\"fg-text-dark ffb-h2-1\">Inspiration<\/h2><div class=\"ff-richtext paragraph fg-text-dark ffb-paragraph-2\"><\/p>\n<p>Traveler and curious, many sources of inspiration are nourishing my work...<\/p>\n<p><\/div><\/section><\/div><\/div><\/div><\/section><style>.ffb-id-jds4qmt{ padding-top: 60px;padding-bottom: -30px;}.ffb-id-qg85h0h .ffb-h2-1 ,.ffb-id-qg85h0h .ffb-h2-1:before,.ffb-id-qg85h0h .ffb-h2-1:after,.ffb-id-qg85h0h .ffb-h2-1 *,.ffb-id-qg85h0h .ffb-h2-1 *:before,.ffb-id-qg85h0h .ffb-h2-1 *:after{ color: #cc9e29 !important;}.ffb-id-qg85h0h .ffb-h2-1{ font-family: 'News Cycle', Arial, sans-serif !important;}.ffb-id-qg85h0h .ffb-h2-1:before,.ffb-id-qg85h0h .ffb-h2-1:after,.ffb-id-qg85h0h .ffb-h2-1:hover,.ffb-id-qg85h0h .ffb-h2-1:focus,.ffb-id-qg85h0h .ffb-h2-1 *,.ffb-id-qg85h0h .ffb-h2-1 *:before,.ffb-id-qg85h0h .ffb-h2-1 *:after,.ffb-id-qg85h0h .ffb-h2-1 *:hover,.ffb-id-qg85h0h .ffb-h2-1 *:focus{ font-family: 'News Cycle', Arial, sans-serif !important;}.ffb-id-qg85h0h .ffb-paragraph-2{ font-weight: 300 !important;}.ffb-id-qg85h0h .ffb-paragraph-2 ,.ffb-id-qg85h0h .ffb-paragraph-2:before,.ffb-id-qg85h0h .ffb-paragraph-2:after,.ffb-id-qg85h0h .ffb-paragraph-2:hover,.ffb-id-qg85h0h .ffb-paragraph-2:focus,.ffb-id-qg85h0h .ffb-paragraph-2 *,.ffb-id-qg85h0h .ffb-paragraph-2 *:before,.ffb-id-qg85h0h .ffb-paragraph-2 *:after,.ffb-id-qg85h0h .ffb-paragraph-2 *:hover,.ffb-id-qg85h0h .ffb-paragraph-2 *:focus{ font-weight: 300 !important;}.ffb-id-qg85h0h{ margin-top: -100px;margin-bottom: 0px;}<\/style><script type=\"text\/javascript\"><\/script><section class=\"ffb-id-2qeuesiq fg-section fg-text-dark\"><div class=\"fg-container container fg-container-medium fg-container-lvl--1 \"><div class=\"fg-row row    \" ><div class=\"ffb-id-2qeuesis fg-col col-xs-12 col-sm-4 col-md-4 fg-text-dark\"><a class=\"ffb-id-2qeujqqv responsive-image-wrapper fg-text-dark\" href=\"https:\/\/virginiedrouot.com\/en\/inspiration\/inspiration-light\/\"><img decoding=\"async\"  class=\"fg-image  img-responsive full-width\"  src=\"https:\/\/virginiedrouot.com\/wp-content\/uploads\/2019\/02\/inspiration-lumiere-virginie-drouot.jpg\"  alt=\"inspiration-lumiere-virginie-drouot\"  title=\"\"   =\"\" ><\/a><div class=\"ffb-id-2qeuli43 ffg-empty-space fg-text-dark\"><\/div><div class=\"ffb-id-2qeuhtdu fg-paragraph ff-richtext text-center    fg-text-dark\"><\/p>\n<p>Soul of a place<\/p>\n<p><\/div><h2 class=\"ffb-id-2qeuhl26 fg-heading text-center    fg-text-dark\"><\/p>\n<p><a href=\"https:\/\/virginiedrouot.com\/en\/inspiration\/inspiration-light\/\">Light<\/a><\/p>\n<p><\/h2><div class=\"ffb-id-2qfvir61 ffg-empty-space fg-text-dark\"><\/div><\/div><div class=\"ffb-id-2qeup5sn fg-col col-xs-12 col-sm-4 col-md-4 fg-text-dark\"><a class=\"ffb-id-2qeup5so responsive-image-wrapper fg-text-dark\" href=\"https:\/\/virginiedrouot.com\/en\/inspiration\/inspiration-books\/\"><img decoding=\"async\"  class=\"fg-image  img-responsive full-width\"  src=\"https:\/\/virginiedrouot.com\/wp-content\/uploads\/2019\/01\/photoSiteInspirationsBook-wall.jpg\"  alt=\"photoSiteInspirationsBook-wall\"  title=\"\"   =\"\" ><\/a><div class=\"ffb-id-2qeup5sp ffg-empty-space fg-text-dark\"><\/div><div class=\"ffb-id-2qeup5sq fg-paragraph ff-richtext text-center    fg-text-dark\"><\/p>\n<p>A writer<\/p>\n<p><\/div><h2 class=\"ffb-id-2qeup5sr fg-heading text-center    fg-text-dark\"><\/p>\n<p><a href=\"https:\/\/virginiedrouot.com\/en\/inspiration\/inspiration-books\/\">Books<\/a><\/p>\n<p><\/h2><div class=\"ffb-id-2qujt738 ffg-empty-space fg-text-dark\"><\/div><\/div><div class=\"ffb-id-2qeuskmv fg-col col-xs-12 col-sm-4 col-md-4 fg-text-dark\"><a class=\"ffb-id-2qeuskn0 responsive-image-wrapper fg-text-dark\" href=\"#\"><img decoding=\"async\"  class=\"fg-image  img-responsive full-width\"  src=\"https:\/\/virginiedrouot.com\/wp-content\/uploads\/2019\/01\/720x480_klimt.jpg\"  alt=\"720x480_klimt\"  title=\"\"   =\"\" ><\/a><div class=\"ffb-id-2qeuskn1 ffg-empty-space fg-text-dark\"><\/div><div class=\"ffb-id-2qeuskn2 fg-paragraph ff-richtext text-center    fg-text-dark\"><\/p>\n<p>Don't miss<\/p>\n<p><\/div><h2 class=\"ffb-id-2qeuskn3 fg-heading text-center    fg-text-dark\"><\/p>\n<p><a href=\"#\">Exhibitions<\/a><\/p>\n<p><\/h2><div class=\"ffb-id-2qfvjc8h ffg-empty-space fg-text-dark\"><\/div><\/div><div class=\"clearfix visible-sm visible-md visible-lg\"><\/div><div class=\"ffb-id-2qeuua0o fg-col col-xs-12 col-sm-4 col-md-4 fg-text-dark\"><a class=\"ffb-id-2qeuua0p responsive-image-wrapper fg-text-dark\" href=\"#\"><img decoding=\"async\"  class=\"fg-image  img-responsive full-width\"  src=\"https:\/\/virginiedrouot.com\/wp-content\/uploads\/2019\/01\/720x480_ebeniste.jpg\"  alt=\"720x480_ebeniste\"  title=\"\"   =\"\" ><\/a><div class=\"ffb-id-2qeuua0q ffg-empty-space fg-text-dark\"><\/div><div class=\"ffb-id-2qeuua0r fg-paragraph ff-richtext text-center    fg-text-dark\"><\/p>\n<p>The know-how<\/p>\n<p><\/div><h2 class=\"ffb-id-2qeuua0s fg-heading text-center    fg-text-dark\"><\/p>\n<p><a href=\"#\">Encounters<\/a><\/p>\n<p><\/h2><div class=\"ffb-id-2qkdgc2j ffg-empty-space fg-text-dark\"><\/div><\/div><div class=\"ffb-id-2qf1s61j fg-col col-xs-12 col-sm-4 col-md-4 fg-text-dark\"><a class=\"ffb-id-2qf1s61o responsive-image-wrapper fg-text-dark\" href=\"https:\/\/virginiedrouot.com\/en\/inspiration\/inspiration-tendencies\/\"><img decoding=\"async\"  class=\"fg-image  img-responsive full-width\"  src=\"https:\/\/virginiedrouot.com\/wp-content\/uploads\/2019\/01\/720x480_table-brut.jpg\"  alt=\"720x480_table-brut\"  title=\"\"   =\"\" ><\/a><div class=\"ffb-id-2qf1s61p ffg-empty-space fg-text-dark\"><\/div><div class=\"ffb-id-2qf1s61q fg-paragraph ff-richtext text-center    fg-text-dark\"><\/p>\n<p><span class=\"tlid-translation translation\" lang=\"en\"><span class=\"\" title=\"\">Favorites<\/span><\/span><\/p>\n<p><\/div><h2 class=\"ffb-id-2qf1s61r fg-heading text-center    fg-text-dark\"><\/p>\n<p><a href=\"https:\/\/virginiedrouot.com\/en\/inspiration\/inspiration-tendencies\/\">Tendencies<\/a><\/p>\n<p><\/h2><div class=\"ffb-id-2qfvj4ja ffg-empty-space fg-text-dark\"><\/div><\/div><div class=\"ffb-id-2qf1s61a fg-col col-xs-12 col-sm-4 col-md-4 fg-text-dark\"><a class=\"ffb-id-2qf1s61f responsive-image-wrapper fg-text-dark\" href=\"https:\/\/virginiedrouot.com\/en\/inspiration\/inspiration-discoveries\/\"><img decoding=\"async\"  class=\"fg-image  img-responsive full-width\"  src=\"https:\/\/virginiedrouot.com\/wp-content\/uploads\/2019\/03\/inspiration-decouvertes-virginie-drouot.jpg\"  alt=\"inspiration-decouvertes-virginie-drouot\"  title=\"\"   =\"\" ><\/a><div class=\"ffb-id-2qf1s61g ffg-empty-space fg-text-dark\"><\/div><div class=\"ffb-id-2qf1s61h fg-paragraph ff-richtext text-center    fg-text-dark\"><\/p>\n<p>Gold nuggets<\/p>\n<p><\/div><h2 class=\"ffb-id-2qf1s61i fg-heading text-center    fg-text-dark\"><\/p>\n<p><a href=\"https:\/\/virginiedrouot.com\/en\/inspiration\/inspiration-discoveries\/\">Discoveries<\/a><\/p>\n<p><\/h2><div class=\"ffb-id-2qujueuo ffg-empty-space fg-text-dark\"><\/div><\/div><\/div><\/div><\/section><style>.ffb-id-jds4qmt{ \npadding-top: 60px;\npadding-bottom: -30px;\n\n}\n.ffb-id-qg85h0h .ffb-h2-1 ,\n.ffb-id-qg85h0h .ffb-h2-1:before,\n.ffb-id-qg85h0h .ffb-h2-1:after,\n.ffb-id-qg85h0h .ffb-h2-1 *,\n.ffb-id-qg85h0h .ffb-h2-1 *:before,\n.ffb-id-qg85h0h .ffb-h2-1 *:after{ \ncolor: #cc9e29 !important;\n}\n.ffb-id-qg85h0h .ffb-h2-1{ \nfont-family: 'News Cycle', Arial, sans-serif !important;\n}\n.ffb-id-qg85h0h .ffb-h2-1:before,\n.ffb-id-qg85h0h .ffb-h2-1:after,\n.ffb-id-qg85h0h .ffb-h2-1:hover,\n.ffb-id-qg85h0h .ffb-h2-1:focus,\n.ffb-id-qg85h0h .ffb-h2-1 *,\n.ffb-id-qg85h0h .ffb-h2-1 *:before,\n.ffb-id-qg85h0h .ffb-h2-1 *:after,\n.ffb-id-qg85h0h .ffb-h2-1 *:hover,\n.ffb-id-qg85h0h .ffb-h2-1 *:focus{ \nfont-family: 'News Cycle', Arial, sans-serif !important;\n}\n.ffb-id-qg85h0h .ffb-paragraph-2{ \nfont-weight: 300 !important;\n}\n.ffb-id-qg85h0h .ffb-paragraph-2 ,\n.ffb-id-qg85h0h .ffb-paragraph-2:before,\n.ffb-id-qg85h0h .ffb-paragraph-2:after,\n.ffb-id-qg85h0h .ffb-paragraph-2:hover,\n.ffb-id-qg85h0h .ffb-paragraph-2:focus,\n.ffb-id-qg85h0h .ffb-paragraph-2 *,\n.ffb-id-qg85h0h .ffb-paragraph-2 *:before,\n.ffb-id-qg85h0h .ffb-paragraph-2 *:after,\n.ffb-id-qg85h0h .ffb-paragraph-2 *:hover,\n.ffb-id-qg85h0h .ffb-paragraph-2 *:focus{ \nfont-weight: 300 !important;\n}\n.ffb-id-qg85h0h{ \nmargin-top: -100px;\nmargin-bottom: 0px;\n\n}\n.ffb-id-2qujueuo{ height: 30px;}.ffb-id-2qf1s61i ,.ffb-id-2qf1s61i:before,.ffb-id-2qf1s61i:after,.ffb-id-2qf1s61i *,.ffb-id-2qf1s61i *:before,.ffb-id-2qf1s61i *:after{ color: #cc9e29 !important;}.ffb-id-2qf1s61i{ font-family: 'News Cycle', Arial, sans-serif !important;}.ffb-id-2qf1s61i:before,.ffb-id-2qf1s61i:after,.ffb-id-2qf1s61i:hover,.ffb-id-2qf1s61i:focus,.ffb-id-2qf1s61i *,.ffb-id-2qf1s61i *:before,.ffb-id-2qf1s61i *:after,.ffb-id-2qf1s61i *:hover,.ffb-id-2qf1s61i *:focus{ font-family: 'News Cycle', Arial, sans-serif !important;}.ffb-id-2qf1s61i{ font-size: 30px !important;}.ffb-id-2qf1s61i ,.ffb-id-2qf1s61i:before,.ffb-id-2qf1s61i:after,.ffb-id-2qf1s61i:hover,.ffb-id-2qf1s61i:focus,.ffb-id-2qf1s61i *,.ffb-id-2qf1s61i *:before,.ffb-id-2qf1s61i *:after,.ffb-id-2qf1s61i *:hover,.ffb-id-2qf1s61i *:focus{ font-size: 30px !important;}.ffb-id-2qf1s61g{ height: 10px;}.ffb-id-2qfvj4ja{ height: 30px;}.ffb-id-2qf1s61r ,.ffb-id-2qf1s61r:before,.ffb-id-2qf1s61r:after,.ffb-id-2qf1s61r *,.ffb-id-2qf1s61r *:before,.ffb-id-2qf1s61r *:after{ color: #cc9e29 !important;}.ffb-id-2qf1s61r{ font-family: 'News Cycle', Arial, sans-serif !important;}.ffb-id-2qf1s61r:before,.ffb-id-2qf1s61r:after,.ffb-id-2qf1s61r:hover,.ffb-id-2qf1s61r:focus,.ffb-id-2qf1s61r *,.ffb-id-2qf1s61r *:before,.ffb-id-2qf1s61r *:after,.ffb-id-2qf1s61r *:hover,.ffb-id-2qf1s61r *:focus{ font-family: 'News Cycle', Arial, sans-serif !important;}.ffb-id-2qf1s61r{ font-size: 30px !important;}.ffb-id-2qf1s61r ,.ffb-id-2qf1s61r:before,.ffb-id-2qf1s61r:after,.ffb-id-2qf1s61r:hover,.ffb-id-2qf1s61r:focus,.ffb-id-2qf1s61r *,.ffb-id-2qf1s61r *:before,.ffb-id-2qf1s61r *:after,.ffb-id-2qf1s61r *:hover,.ffb-id-2qf1s61r *:focus{ font-size: 30px !important;}.ffb-id-2qf1s61p{ height: 10px;}.ffb-id-2qkdgc2j{ height: 30px;}.ffb-id-2qeuua0s ,.ffb-id-2qeuua0s:before,.ffb-id-2qeuua0s:after,.ffb-id-2qeuua0s *,.ffb-id-2qeuua0s *:before,.ffb-id-2qeuua0s *:after{ color: #cc9e29 !important;}.ffb-id-2qeuua0s{ font-family: 'News Cycle', Arial, sans-serif !important;}.ffb-id-2qeuua0s:before,.ffb-id-2qeuua0s:after,.ffb-id-2qeuua0s:hover,.ffb-id-2qeuua0s:focus,.ffb-id-2qeuua0s *,.ffb-id-2qeuua0s *:before,.ffb-id-2qeuua0s *:after,.ffb-id-2qeuua0s *:hover,.ffb-id-2qeuua0s *:focus{ font-family: 'News Cycle', Arial, sans-serif !important;}.ffb-id-2qeuua0s{ font-size: 30px !important;}.ffb-id-2qeuua0s ,.ffb-id-2qeuua0s:before,.ffb-id-2qeuua0s:after,.ffb-id-2qeuua0s:hover,.ffb-id-2qeuua0s:focus,.ffb-id-2qeuua0s *,.ffb-id-2qeuua0s *:before,.ffb-id-2qeuua0s *:after,.ffb-id-2qeuua0s *:hover,.ffb-id-2qeuua0s *:focus{ font-size: 30px !important;}.ffb-id-2qeuua0q{ height: 10px;}.ffb-id-2qfvjc8h{ height: 30px;}.ffb-id-2qeuskn3 ,.ffb-id-2qeuskn3:before,.ffb-id-2qeuskn3:after,.ffb-id-2qeuskn3 *,.ffb-id-2qeuskn3 *:before,.ffb-id-2qeuskn3 *:after{ color: #cc9e29 !important;}.ffb-id-2qeuskn3{ font-family: 'News Cycle', Arial, sans-serif !important;}.ffb-id-2qeuskn3:before,.ffb-id-2qeuskn3:after,.ffb-id-2qeuskn3:hover,.ffb-id-2qeuskn3:focus,.ffb-id-2qeuskn3 *,.ffb-id-2qeuskn3 *:before,.ffb-id-2qeuskn3 *:after,.ffb-id-2qeuskn3 *:hover,.ffb-id-2qeuskn3 *:focus{ font-family: 'News Cycle', Arial, sans-serif !important;}.ffb-id-2qeuskn3{ font-size: 30px !important;}.ffb-id-2qeuskn3 ,.ffb-id-2qeuskn3:before,.ffb-id-2qeuskn3:after,.ffb-id-2qeuskn3:hover,.ffb-id-2qeuskn3:focus,.ffb-id-2qeuskn3 *,.ffb-id-2qeuskn3 *:before,.ffb-id-2qeuskn3 *:after,.ffb-id-2qeuskn3 *:hover,.ffb-id-2qeuskn3 *:focus{ font-size: 30px !important;}.ffb-id-2qeuskn1{ height: 10px;}.ffb-id-2qujt738{ height: 30px;}.ffb-id-2qeup5sr ,.ffb-id-2qeup5sr:before,.ffb-id-2qeup5sr:after,.ffb-id-2qeup5sr *,.ffb-id-2qeup5sr *:before,.ffb-id-2qeup5sr *:after{ color: #cc9e29 !important;}.ffb-id-2qeup5sr{ font-family: 'News Cycle', Arial, sans-serif !important;}.ffb-id-2qeup5sr:before,.ffb-id-2qeup5sr:after,.ffb-id-2qeup5sr:hover,.ffb-id-2qeup5sr:focus,.ffb-id-2qeup5sr *,.ffb-id-2qeup5sr *:before,.ffb-id-2qeup5sr *:after,.ffb-id-2qeup5sr *:hover,.ffb-id-2qeup5sr *:focus{ font-family: 'News Cycle', Arial, sans-serif !important;}.ffb-id-2qeup5sr{ font-size: 30px !important;}.ffb-id-2qeup5sr ,.ffb-id-2qeup5sr:before,.ffb-id-2qeup5sr:after,.ffb-id-2qeup5sr:hover,.ffb-id-2qeup5sr:focus,.ffb-id-2qeup5sr *,.ffb-id-2qeup5sr *:before,.ffb-id-2qeup5sr *:after,.ffb-id-2qeup5sr *:hover,.ffb-id-2qeup5sr *:focus{ font-size: 30px !important;}.ffb-id-2qeup5sp{ height: 10px;}.ffb-id-2qfvir61{ height: 30px;}.ffb-id-2qeuhl26 ,.ffb-id-2qeuhl26:before,.ffb-id-2qeuhl26:after,.ffb-id-2qeuhl26 *,.ffb-id-2qeuhl26 *:before,.ffb-id-2qeuhl26 *:after{ color: #cc9e29 !important;}.ffb-id-2qeuhl26{ font-family: 'News Cycle', Arial, sans-serif !important;}.ffb-id-2qeuhl26:before,.ffb-id-2qeuhl26:after,.ffb-id-2qeuhl26:hover,.ffb-id-2qeuhl26:focus,.ffb-id-2qeuhl26 *,.ffb-id-2qeuhl26 *:before,.ffb-id-2qeuhl26 *:after,.ffb-id-2qeuhl26 *:hover,.ffb-id-2qeuhl26 *:focus{ font-family: 'News Cycle', Arial, sans-serif !important;}.ffb-id-2qeuhl26{ font-size: 30px !important;}.ffb-id-2qeuhl26 ,.ffb-id-2qeuhl26:before,.ffb-id-2qeuhl26:after,.ffb-id-2qeuhl26:hover,.ffb-id-2qeuhl26:focus,.ffb-id-2qeuhl26 *,.ffb-id-2qeuhl26 *:before,.ffb-id-2qeuhl26 *:after,.ffb-id-2qeuhl26 *:hover,.ffb-id-2qeuhl26 *:focus{ font-size: 30px !important;}.ffb-id-2qeuli43{ height: 10px;}<\/style><script type=\"text\/javascript\"><\/script><\/p>\n","protected":false},"excerpt":{"rendered":"","protected":false},"author":1,"featured_media":0,"parent":0,"menu_order":0,"comment_status":"closed","ping_status":"closed","template":"","meta":{"footnotes":""},"class_list":["post-1554","page","type-page","status-publish","hentry","post-wrapper"],"yoast_head":"<!-- This site is optimized with the Yoast SEO plugin v24.1 - https:\/\/yoast.com\/wordpress\/plugins\/seo\/ -->\n<title>Inspiration - Virginie Drouot<\/title>\n<meta name=\"robots\" content=\"index, follow, max-snippet:-1, max-image-preview:large, max-video-preview:-1\" \/>\n<link rel=\"canonical\" href=\"https:\/\/virginiedrouot.com\/en\/inspiration\/\" \/>\n<meta property=\"og:locale\" content=\"en_US\" \/>\n<meta property=\"og:type\" content=\"article\" \/>\n<meta property=\"og:title\" content=\"Inspiration - Virginie Drouot\" \/>\n<meta property=\"og:url\" content=\"https:\/\/virginiedrouot.com\/en\/inspiration\/\" \/>\n<meta property=\"og:site_name\" content=\"Virginie Drouot\" \/>\n<meta property=\"article:modified_time\" content=\"2019-09-23T09:35:43+00:00\" \/>\n<meta name=\"twitter:card\" content=\"summary_large_image\" \/>\n<meta name=\"twitter:label1\" content=\"Est. reading time\" \/>\n\t<meta name=\"twitter:data1\" content=\"14 minutes\" \/>\n<script type=\"application\/ld+json\" class=\"yoast-schema-graph\">{\"@context\":\"https:\/\/schema.org\",\"@graph\":[{\"@type\":\"WebPage\",\"@id\":\"https:\/\/virginiedrouot.com\/en\/inspiration\/\",\"url\":\"https:\/\/virginiedrouot.com\/en\/inspiration\/\",\"name\":\"Inspiration - Virginie Drouot\",\"isPartOf\":{\"@id\":\"https:\/\/virginiedrouot.com\/#website\"},\"datePublished\":\"2018-12-19T10:06:51+00:00\",\"dateModified\":\"2019-09-23T09:35:43+00:00\",\"breadcrumb\":{\"@id\":\"https:\/\/virginiedrouot.com\/en\/inspiration\/#breadcrumb\"},\"inLanguage\":\"en-US\",\"potentialAction\":[{\"@type\":\"ReadAction\",\"target\":[\"https:\/\/virginiedrouot.com\/en\/inspiration\/\"]}]},{\"@type\":\"BreadcrumbList\",\"@id\":\"https:\/\/virginiedrouot.com\/en\/inspiration\/#breadcrumb\",\"itemListElement\":[{\"@type\":\"ListItem\",\"position\":1,\"name\":\"Accueil\",\"item\":\"https:\/\/virginiedrouot.com\/en\/\"},{\"@type\":\"ListItem\",\"position\":2,\"name\":\"Inspiration\"}]},{\"@type\":\"WebSite\",\"@id\":\"https:\/\/virginiedrouot.com\/#website\",\"url\":\"https:\/\/virginiedrouot.com\/\",\"name\":\"Virginie Drouot\",\"description\":\"Mise en lumi\u00e8re et d\u00e9coration \u00e0 Maisons-Laffitte\",\"potentialAction\":[{\"@type\":\"SearchAction\",\"target\":{\"@type\":\"EntryPoint\",\"urlTemplate\":\"https:\/\/virginiedrouot.com\/?s={search_term_string}\"},\"query-input\":{\"@type\":\"PropertyValueSpecification\",\"valueRequired\":true,\"valueName\":\"search_term_string\"}}],\"inLanguage\":\"en-US\"}]}<\/script>\n<!-- \/ Yoast SEO plugin. -->","yoast_head_json":{"title":"Inspiration - Virginie Drouot","robots":{"index":"index","follow":"follow","max-snippet":"max-snippet:-1","max-image-preview":"max-image-preview:large","max-video-preview":"max-video-preview:-1"},"canonical":"https:\/\/virginiedrouot.com\/en\/inspiration\/","og_locale":"en_US","og_type":"article","og_title":"Inspiration - Virginie Drouot","og_url":"https:\/\/virginiedrouot.com\/en\/inspiration\/","og_site_name":"Virginie Drouot","article_modified_time":"2019-09-23T09:35:43+00:00","twitter_card":"summary_large_image","twitter_misc":{"Est. reading time":"14 minutes"},"schema":{"@context":"https:\/\/schema.org","@graph":[{"@type":"WebPage","@id":"https:\/\/virginiedrouot.com\/en\/inspiration\/","url":"https:\/\/virginiedrouot.com\/en\/inspiration\/","name":"Inspiration - Virginie Drouot","isPartOf":{"@id":"https:\/\/virginiedrouot.com\/#website"},"datePublished":"2018-12-19T10:06:51+00:00","dateModified":"2019-09-23T09:35:43+00:00","breadcrumb":{"@id":"https:\/\/virginiedrouot.com\/en\/inspiration\/#breadcrumb"},"inLanguage":"en-US","potentialAction":[{"@type":"ReadAction","target":["https:\/\/virginiedrouot.com\/en\/inspiration\/"]}]},{"@type":"BreadcrumbList","@id":"https:\/\/virginiedrouot.com\/en\/inspiration\/#breadcrumb","itemListElement":[{"@type":"ListItem","position":1,"name":"Accueil","item":"https:\/\/virginiedrouot.com\/en\/"},{"@type":"ListItem","position":2,"name":"Inspiration"}]},{"@type":"WebSite","@id":"https:\/\/virginiedrouot.com\/#website","url":"https:\/\/virginiedrouot.com\/","name":"Virginie Drouot","description":"Mise en lumi\u00e8re et d\u00e9coration \u00e0 Maisons-Laffitte","potentialAction":[{"@type":"SearchAction","target":{"@type":"EntryPoint","urlTemplate":"https:\/\/virginiedrouot.com\/?s={search_term_string}"},"query-input":{"@type":"PropertyValueSpecification","valueRequired":true,"valueName":"search_term_string"}}],"inLanguage":"en-US"}]}},"_links":{"self":[{"href":"https:\/\/virginiedrouot.com\/en\/wp-json\/wp\/v2\/pages\/1554","targetHints":{"allow":["GET"]}}],"collection":[{"href":"https:\/\/virginiedrouot.com\/en\/wp-json\/wp\/v2\/pages"}],"about":[{"href":"https:\/\/virginiedrouot.com\/en\/wp-json\/wp\/v2\/types\/page"}],"author":[{"embeddable":true,"href":"https:\/\/virginiedrouot.com\/en\/wp-json\/wp\/v2\/users\/1"}],"replies":[{"embeddable":true,"href":"https:\/\/virginiedrouot.com\/en\/wp-json\/wp\/v2\/comments?post=1554"}],"version-history":[{"count":11,"href":"https:\/\/virginiedrouot.com\/en\/wp-json\/wp\/v2\/pages\/1554\/revisions"}],"predecessor-version":[{"id":1565,"href":"https:\/\/virginiedrouot.com\/en\/wp-json\/wp\/v2\/pages\/1554\/revisions\/1565"}],"wp:attachment":[{"href":"https:\/\/virginiedrouot.com\/en\/wp-json\/wp\/v2\/media?parent=1554"}],"curies":[{"name":"wp","href":"https:\/\/api.w.org\/{rel}","templated":true}]}}