{"id":1536,"date":"2018-12-19T10:07:07","date_gmt":"2018-12-19T10:07:07","guid":{"rendered":"https:\/\/virginiedrouot.com\/virginie\/"},"modified":"2023-02-17T12:48:24","modified_gmt":"2023-02-17T12:48:24","slug":"virginie","status":"publish","type":"page","link":"https:\/\/virginiedrouot.com\/en\/virginie\/","title":{"rendered":"Virginie"},"content":{"rendered":"<section class=\"ffb-id-2on7gs53 fg-section fg-text-dark\"><div class=\"fg-container container fg-container-large fg-container-lvl--1 \"><div class=\"fg-row row    \" ><div class=\"ffb-id-2on7h4cu fg-col col-xs-12 col-md-6 fg-text-dark\"><img decoding=\"async\" class=\"ffb-id-2on7i04d fg-image  img-responsive full-width fg-text-dark\" src=\"https:\/\/virginiedrouot.com\/wp-content\/uploads\/2019\/01\/Virginie-Drouot.jpg\" alt=\"Version 2\"><\/div><div class=\"ffb-id-2on7hbur fg-col col-xs-12 col-md-6 fg-text-dark\"><section class=\"ffb-id-2on8264f section-heading fg-text-dark\"><div class=\"ff-richtext h2 fg-text-dark ffb-h2-1\"><\/p>\n<p>Virginie Joudelat<\/p>\n<p><\/div><div class=\"ff-richtext paragraph fg-text-dark ffb-paragraph-2\"><\/div><\/section><div class=\"ffb-id-2on7pvek fg-paragraph ff-richtext text-left    fg-text-dark\"><\/p>\n<p>My passion for decoration comes from my childhood in the Hautes Vosges, near G&eacute;rardmer, the family home full of history, the smell of softwoods, the play of light and shadow of the mountains reflected in magical lakes.<\/p>\n<p>This \"Madeleine de Proust\" is the central theme of my work.<\/p>\n<p>To shape places and spaces, I play on the harmony of materials. Also, I permanently meet artisans: weavers, glassmakers, carpenters to select beautiful pieces of work. The other part of my inspiration I draw from my travels, and my years in Canada and the United States.<\/p>\n<p>In this quest for aesthetics, it seemed obvious to me that the enhancement of a room, is inseparable from its lighting.<\/p>\n<p>Convinced of this I propose my services around the two axes SPACE PLANNING &amp; LIGHTING.<\/p>\n<p>When you entrust me with a space I'll take into account all your wishes and desires and put my creativity at your service. I'll help you find your style by designing a unique and original atmosphere - yours.<\/p>\n<p><\/div><div class=\"ffb-id-2snh8pu4 ffg-empty-space fg-text-dark\"><\/div><\/div><\/div><\/div><\/section><style>.ffb-id-2snh8pu4{ height: 10px;}.ffb-id-2on8264f .ffb-h2-1{ margin-top: 20px;}.ffb-id-2on8264f .ffb-h2-1 ,.ffb-id-2on8264f .ffb-h2-1:before,.ffb-id-2on8264f .ffb-h2-1:after,.ffb-id-2on8264f .ffb-h2-1 *,.ffb-id-2on8264f .ffb-h2-1 *:before,.ffb-id-2on8264f .ffb-h2-1 *:after{ color: #cc9e29 !important;}.ffb-id-2on8264f .ffb-h2-1{ font-family: 'News Cycle', Arial, sans-serif !important;}.ffb-id-2on8264f .ffb-h2-1:before,.ffb-id-2on8264f .ffb-h2-1:after,.ffb-id-2on8264f .ffb-h2-1:hover,.ffb-id-2on8264f .ffb-h2-1:focus,.ffb-id-2on8264f .ffb-h2-1 *,.ffb-id-2on8264f .ffb-h2-1 *:before,.ffb-id-2on8264f .ffb-h2-1 *:after,.ffb-id-2on8264f .ffb-h2-1 *:hover,.ffb-id-2on8264f .ffb-h2-1 *:focus{ font-family: 'News Cycle', Arial, sans-serif !important;}.ffb-id-2on8264f{ margin-bottom: 0px;}@media (min-width:992px) { .ffb-id-2on8264f{ text-align: left !important;}}@media (min-width:992px) { .ffb-id-2on8264f ,.ffb-id-2on8264f:before,.ffb-id-2on8264f:after,.ffb-id-2on8264f:hover,.ffb-id-2on8264f:focus,.ffb-id-2on8264f *,.ffb-id-2on8264f *:before,.ffb-id-2on8264f *:after,.ffb-id-2on8264f *:hover,.ffb-id-2on8264f *:focus{ text-align: left !important;}}<\/style><script type=\"text\/javascript\"><\/script>\n","protected":false},"excerpt":{"rendered":"","protected":false},"author":1,"featured_media":0,"parent":0,"menu_order":0,"comment_status":"closed","ping_status":"closed","template":"","meta":{"footnotes":""},"class_list":["post-1536","page","type-page","status-publish","hentry","post-wrapper"],"yoast_head":"<!-- This site is optimized with the Yoast SEO plugin v24.1 - https:\/\/yoast.com\/wordpress\/plugins\/seo\/ -->\n<title>Virginie - Virginie Drouot<\/title>\n<meta name=\"robots\" content=\"index, follow, max-snippet:-1, max-image-preview:large, max-video-preview:-1\" \/>\n<link rel=\"canonical\" href=\"https:\/\/virginiedrouot.com\/en\/virginie\/\" \/>\n<meta property=\"og:locale\" content=\"en_US\" \/>\n<meta property=\"og:type\" content=\"article\" \/>\n<meta property=\"og:title\" content=\"Virginie - Virginie Drouot\" \/>\n<meta property=\"og:url\" content=\"https:\/\/virginiedrouot.com\/en\/virginie\/\" \/>\n<meta property=\"og:site_name\" content=\"Virginie Drouot\" \/>\n<meta property=\"article:modified_time\" content=\"2023-02-17T12:48:24+00:00\" \/>\n<meta name=\"twitter:card\" content=\"summary_large_image\" \/>\n<meta name=\"twitter:label1\" content=\"Est. reading time\" \/>\n\t<meta name=\"twitter:data1\" content=\"2 minutes\" \/>\n<script type=\"application\/ld+json\" class=\"yoast-schema-graph\">{\"@context\":\"https:\/\/schema.org\",\"@graph\":[{\"@type\":\"WebPage\",\"@id\":\"https:\/\/virginiedrouot.com\/en\/virginie\/\",\"url\":\"https:\/\/virginiedrouot.com\/en\/virginie\/\",\"name\":\"Virginie - Virginie Drouot\",\"isPartOf\":{\"@id\":\"https:\/\/virginiedrouot.com\/#website\"},\"datePublished\":\"2018-12-19T10:07:07+00:00\",\"dateModified\":\"2023-02-17T12:48:24+00:00\",\"breadcrumb\":{\"@id\":\"https:\/\/virginiedrouot.com\/en\/virginie\/#breadcrumb\"},\"inLanguage\":\"en-US\",\"potentialAction\":[{\"@type\":\"ReadAction\",\"target\":[\"https:\/\/virginiedrouot.com\/en\/virginie\/\"]}]},{\"@type\":\"BreadcrumbList\",\"@id\":\"https:\/\/virginiedrouot.com\/en\/virginie\/#breadcrumb\",\"itemListElement\":[{\"@type\":\"ListItem\",\"position\":1,\"name\":\"Accueil\",\"item\":\"https:\/\/virginiedrouot.com\/en\/\"},{\"@type\":\"ListItem\",\"position\":2,\"name\":\"Virginie\"}]},{\"@type\":\"WebSite\",\"@id\":\"https:\/\/virginiedrouot.com\/#website\",\"url\":\"https:\/\/virginiedrouot.com\/\",\"name\":\"Virginie Drouot\",\"description\":\"Mise en lumi\u00e8re et d\u00e9coration \u00e0 Maisons-Laffitte\",\"potentialAction\":[{\"@type\":\"SearchAction\",\"target\":{\"@type\":\"EntryPoint\",\"urlTemplate\":\"https:\/\/virginiedrouot.com\/?s={search_term_string}\"},\"query-input\":{\"@type\":\"PropertyValueSpecification\",\"valueRequired\":true,\"valueName\":\"search_term_string\"}}],\"inLanguage\":\"en-US\"}]}<\/script>\n<!-- \/ Yoast SEO plugin. -->","yoast_head_json":{"title":"Virginie - Virginie Drouot","robots":{"index":"index","follow":"follow","max-snippet":"max-snippet:-1","max-image-preview":"max-image-preview:large","max-video-preview":"max-video-preview:-1"},"canonical":"https:\/\/virginiedrouot.com\/en\/virginie\/","og_locale":"en_US","og_type":"article","og_title":"Virginie - Virginie Drouot","og_url":"https:\/\/virginiedrouot.com\/en\/virginie\/","og_site_name":"Virginie Drouot","article_modified_time":"2023-02-17T12:48:24+00:00","twitter_card":"summary_large_image","twitter_misc":{"Est. reading time":"2 minutes"},"schema":{"@context":"https:\/\/schema.org","@graph":[{"@type":"WebPage","@id":"https:\/\/virginiedrouot.com\/en\/virginie\/","url":"https:\/\/virginiedrouot.com\/en\/virginie\/","name":"Virginie - Virginie Drouot","isPartOf":{"@id":"https:\/\/virginiedrouot.com\/#website"},"datePublished":"2018-12-19T10:07:07+00:00","dateModified":"2023-02-17T12:48:24+00:00","breadcrumb":{"@id":"https:\/\/virginiedrouot.com\/en\/virginie\/#breadcrumb"},"inLanguage":"en-US","potentialAction":[{"@type":"ReadAction","target":["https:\/\/virginiedrouot.com\/en\/virginie\/"]}]},{"@type":"BreadcrumbList","@id":"https:\/\/virginiedrouot.com\/en\/virginie\/#breadcrumb","itemListElement":[{"@type":"ListItem","position":1,"name":"Accueil","item":"https:\/\/virginiedrouot.com\/en\/"},{"@type":"ListItem","position":2,"name":"Virginie"}]},{"@type":"WebSite","@id":"https:\/\/virginiedrouot.com\/#website","url":"https:\/\/virginiedrouot.com\/","name":"Virginie Drouot","description":"Mise en lumi\u00e8re et d\u00e9coration \u00e0 Maisons-Laffitte","potentialAction":[{"@type":"SearchAction","target":{"@type":"EntryPoint","urlTemplate":"https:\/\/virginiedrouot.com\/?s={search_term_string}"},"query-input":{"@type":"PropertyValueSpecification","valueRequired":true,"valueName":"search_term_string"}}],"inLanguage":"en-US"}]}},"_links":{"self":[{"href":"https:\/\/virginiedrouot.com\/en\/wp-json\/wp\/v2\/pages\/1536","targetHints":{"allow":["GET"]}}],"collection":[{"href":"https:\/\/virginiedrouot.com\/en\/wp-json\/wp\/v2\/pages"}],"about":[{"href":"https:\/\/virginiedrouot.com\/en\/wp-json\/wp\/v2\/types\/page"}],"author":[{"embeddable":true,"href":"https:\/\/virginiedrouot.com\/en\/wp-json\/wp\/v2\/users\/1"}],"replies":[{"embeddable":true,"href":"https:\/\/virginiedrouot.com\/en\/wp-json\/wp\/v2\/comments?post=1536"}],"version-history":[{"count":10,"href":"https:\/\/virginiedrouot.com\/en\/wp-json\/wp\/v2\/pages\/1536\/revisions"}],"predecessor-version":[{"id":1878,"href":"https:\/\/virginiedrouot.com\/en\/wp-json\/wp\/v2\/pages\/1536\/revisions\/1878"}],"wp:attachment":[{"href":"https:\/\/virginiedrouot.com\/en\/wp-json\/wp\/v2\/media?parent=1536"}],"curies":[{"name":"wp","href":"https:\/\/api.w.org\/{rel}","templated":true}]}}