{"id":1512,"date":"2018-12-19T10:06:14","date_gmt":"2018-12-19T10:06:14","guid":{"rendered":"https:\/\/virginiedrouot.com\/lumiere\/"},"modified":"2019-08-20T13:06:48","modified_gmt":"2019-08-20T13:06:48","slug":"light","status":"publish","type":"page","link":"https:\/\/virginiedrouot.com\/en\/light\/","title":{"rendered":"Light"},"content":{"rendered":"<p><section class=\"ffb-id-2svq2hjh section-heading fg-text-dark\"><div class=\"ff-richtext h2 fg-text-dark ffb-h2-1\"><\/p>\n<p>Light - the soul of a place<\/p>\n<p><\/div><\/section><style>.ffb-id-2svq2hjh .ffb-h2-1 ,.ffb-id-2svq2hjh .ffb-h2-1:before,.ffb-id-2svq2hjh .ffb-h2-1:after,.ffb-id-2svq2hjh .ffb-h2-1 *,.ffb-id-2svq2hjh .ffb-h2-1 *:before,.ffb-id-2svq2hjh .ffb-h2-1 *:after{ color: #cc9e29 !important;}.ffb-id-2svq2hjh .ffb-h2-1{ font-family: 'News Cycle', Arial, sans-serif !important;}.ffb-id-2svq2hjh .ffb-h2-1:before,.ffb-id-2svq2hjh .ffb-h2-1:after,.ffb-id-2svq2hjh .ffb-h2-1:hover,.ffb-id-2svq2hjh .ffb-h2-1:focus,.ffb-id-2svq2hjh .ffb-h2-1 *,.ffb-id-2svq2hjh .ffb-h2-1 *:before,.ffb-id-2svq2hjh .ffb-h2-1 *:after,.ffb-id-2svq2hjh .ffb-h2-1 *:hover,.ffb-id-2svq2hjh .ffb-h2-1 *:focus{ font-family: 'News Cycle', Arial, sans-serif !important;}.ffb-id-2svq2hjh{ margin-top: -40px;margin-bottom: 40px;}<\/style><script type=\"text\/javascript\"><\/script><section class=\"ffb-id-2slbtchj fg-section fg-text-dark\"><div class=\"fg-container container fg-container-large fg-container-lvl--1 \"><div class=\"fg-row row    \" ><div class=\"ffb-id-2slbtchk fg-col col-xs-12 col-md-6 fg-text-dark\"><img decoding=\"async\" class=\"ffb-id-2slbu0j7 fg-image  img-responsive full-width fg-text-dark\" src=\"https:\/\/virginiedrouot.com\/wp-content\/uploads\/2019\/02\/globes-cuivre-virginie-drouot.jpg\" alt=\"globes-cuivre-virginie-drouot\"><div class=\"ffb-id-2slc2fod ffg-empty-space fg-text-dark\"><\/div><\/div><div class=\"ffb-id-2slbuqod fg-col col-xs-12 col-md-6 fg-text-dark\"><div class=\"ffb-id-2sl8n67q fg-paragraph ff-richtext text-left    fg-text-dark\"><\/p>\n<p>In interior decoration, light is essential.<\/p>\n<p>It goes with:<\/p>\n<ul>\n<li>the volumes of a room<\/li>\n<li>the proportions of a piece of furniture<\/li>\n<li>the choice of materials<\/li>\n<\/ul>\n<p>The light is at the beginning of any realization.<\/p>\n<p><\/div><div class=\"ffb-id-2svpkq1c ffg-empty-space fg-text-dark\"><\/div><div class=\"ffb-id-2svpdcnv fg-paragraph ff-richtext text-left    fg-text-dark\"><\/p>\n<p><strong>I chose to specialize in light.<\/strong><\/p>\n<p><strong>One of the reasons, is that I understood quite young that it was an essential element for every living being.<\/strong><\/p>\n<p><strong>Not being able to control the sunshine, we could have an impact on the light of our environment.<\/strong><\/p>\n<p><\/div><div class=\"ffb-id-2svpl2b5 ffg-empty-space fg-text-dark\"><\/div><div class=\"ffb-id-2svpf4cm fg-paragraph ff-richtext text-left    fg-text-dark\"><\/p>\n<p><strong>In a private space<\/strong>, playing with natural or artificial lighting, I propose to create atmospheres, to play with the volumes of a room, to optimize it in work areas and to emphasize specific elements.<\/p>\n<p><\/div><div class=\"ffb-id-2sld4jl8 ffg-empty-space fg-text-dark\"><\/div><div class=\"ffb-id-2svpfm8p fg-paragraph ff-richtext text-left    fg-text-dark\"><\/p>\n<p><strong>In a professional space<\/strong>, I work light by combining performance and aesthetics.<\/p>\n<p>To master and design light is essential because it:<\/p>\n<ul>\n<li>has an influence on the ability to focus, the effectiveness<\/li>\n<li>creates a harmonious work environment<\/li>\n<li>has an influence on health and well being<\/li>\n<\/ul>\n<p><\/div><div class=\"ffb-id-2svpkngg ffg-empty-space fg-text-dark\"><\/div><div class=\"ffb-id-2svphk2o fg-paragraph ff-richtext text-left    fg-text-dark\"><\/p>\n<p><strong>Master, Design the light ... My passion<\/strong><\/p>\n<p><\/div><div class=\"ffb-id-2svpkd4m ffg-empty-space fg-text-dark\"><\/div><div class=\"ffb-id-2sv2q2a5 buttons-el-wrapper text-left    fg-text-dark\"><a href=\"https:\/\/virginiedrouot.com\/en\/contact\/\" class=\"ffb-block-button-1-0 ffb-btn ffb-btn-v1 ffb-btn-link  btn-base-brd-slide btn-slide  btn-base-md    btn-w-auto fg-text-dark ffb-button1-1\"><span class=\"btn-text\">Tell me about your desires<\/span><\/a><\/div><\/div><\/div><\/div><\/section><style>.ffb-id-2svq2hjh .ffb-h2-1 ,\n.ffb-id-2svq2hjh .ffb-h2-1:before,\n.ffb-id-2svq2hjh .ffb-h2-1:after,\n.ffb-id-2svq2hjh .ffb-h2-1 *,\n.ffb-id-2svq2hjh .ffb-h2-1 *:before,\n.ffb-id-2svq2hjh .ffb-h2-1 *:after{ \ncolor: #cc9e29 !important;\n}\n.ffb-id-2svq2hjh .ffb-h2-1{ \nfont-family: 'News Cycle', Arial, sans-serif !important;\n}\n.ffb-id-2svq2hjh .ffb-h2-1:before,\n.ffb-id-2svq2hjh .ffb-h2-1:after,\n.ffb-id-2svq2hjh .ffb-h2-1:hover,\n.ffb-id-2svq2hjh .ffb-h2-1:focus,\n.ffb-id-2svq2hjh .ffb-h2-1 *,\n.ffb-id-2svq2hjh .ffb-h2-1 *:before,\n.ffb-id-2svq2hjh .ffb-h2-1 *:after,\n.ffb-id-2svq2hjh .ffb-h2-1 *:hover,\n.ffb-id-2svq2hjh .ffb-h2-1 *:focus{ \nfont-family: 'News Cycle', Arial, sans-serif !important;\n}\n.ffb-id-2svq2hjh{ \nmargin-top: -40px;\nmargin-bottom: 40px;\n\n}\n.ffb-id-2sv2q2a5 .ffb-button1-1.ffb-block-button-1-0.btn-base-brd-slide{ color:#ffffff;}.ffb-id-2sv2q2a5 .ffb-button1-1.ffb-block-button-1-0.btn-base-brd-slide:hover{ color:#ffffff;}.ffb-id-2sv2q2a5 .ffb-button1-1.ffb-block-button-1-0.btn-base-brd-slide{ border-color: transparent;}.ffb-id-2sv2q2a5 .ffb-button1-1.ffb-block-button-1-0.btn-base-brd-slide:hover{ border-color: transparent;}.ffb-id-2sv2q2a5 .ffb-button1-1.ffb-block-button-1-0.btn-base-brd-slide{ background-color:#cc9e29;}.ffb-id-2sv2q2a5 .ffb-button1-1.ffb-block-button-1-0.btn-base-brd-slide:hover{ background-color:rgba(8, 8, 8, 0.7);}.ffb-id-2svpkd4m{ height: 30px;}.ffb-id-2svpkngg{ height: 20px;}.ffb-id-2sld4jl8{ height: 20px;}.ffb-id-2svpl2b5{ height: 20px;}.ffb-id-2svpkq1c{ height: 20px;}.ffb-id-2slc2fod{ height: 30px;}<\/style><script type=\"text\/javascript\"><\/script><div class=\"ffb-id-38f3o48p ffg-empty-space fg-text-dark\"><\/div><style>.ffb-id-2sv2q2a5 .ffb-button1-1.ffb-block-button-1-0.btn-base-brd-slide{ \ncolor:#ffffff;\n}\n.ffb-id-2sv2q2a5 .ffb-button1-1.ffb-block-button-1-0.btn-base-brd-slide:hover{ \ncolor:#ffffff;\n}\n.ffb-id-2sv2q2a5 .ffb-button1-1.ffb-block-button-1-0.btn-base-brd-slide{ \nborder-color: transparent;\n}\n.ffb-id-2sv2q2a5 .ffb-button1-1.ffb-block-button-1-0.btn-base-brd-slide:hover{ \nborder-color: transparent;\n}\n.ffb-id-2sv2q2a5 .ffb-button1-1.ffb-block-button-1-0.btn-base-brd-slide{ \nbackground-color:#cc9e29;\n}\n.ffb-id-2sv2q2a5 .ffb-button1-1.ffb-block-button-1-0.btn-base-brd-slide:hover{ \nbackground-color:rgba(8, 8, 8, 0.7);\n}\n.ffb-id-2svpkd4m{ \nheight: 30px;\n}\n.ffb-id-2svpkngg{ \nheight: 20px;\n}\n.ffb-id-2sld4jl8{ \nheight: 20px;\n}\n.ffb-id-2svpl2b5{ \nheight: 20px;\n}\n.ffb-id-2svpkq1c{ \nheight: 20px;\n}\n.ffb-id-2slc2fod{ \nheight: 30px;\n}\n.ffb-id-38f3o48p{ height: 40px;}<\/style><script type=\"text\/javascript\"><\/script><div class=\"ffb-id-38f3oj5l fg-col col-xs-12 col-xs-offset-0 col-xs-pull-0 col-xs-push-0 col-md-12 fg-text-dark\"><\/div><style>.ffb-id-38f3o48p{ \nheight: 40px;\n}\n<\/style><script type=\"text\/javascript\"><\/script><\/p>\n","protected":false},"excerpt":{"rendered":"","protected":false},"author":1,"featured_media":0,"parent":0,"menu_order":0,"comment_status":"closed","ping_status":"closed","template":"","meta":{"footnotes":""},"class_list":["post-1512","page","type-page","status-publish","hentry","post-wrapper"],"yoast_head":"<!-- This site is optimized with the Yoast SEO plugin v24.1 - https:\/\/yoast.com\/wordpress\/plugins\/seo\/ -->\n<title>Light - Virginie Drouot<\/title>\n<meta name=\"robots\" content=\"index, follow, max-snippet:-1, max-image-preview:large, max-video-preview:-1\" \/>\n<link rel=\"canonical\" href=\"https:\/\/virginiedrouot.com\/en\/light\/\" \/>\n<meta property=\"og:locale\" content=\"en_US\" \/>\n<meta property=\"og:type\" content=\"article\" \/>\n<meta property=\"og:title\" content=\"Light - Virginie Drouot\" \/>\n<meta property=\"og:url\" content=\"https:\/\/virginiedrouot.com\/en\/light\/\" \/>\n<meta property=\"og:site_name\" content=\"Virginie Drouot\" \/>\n<meta property=\"article:modified_time\" content=\"2019-08-20T13:06:48+00:00\" \/>\n<meta name=\"twitter:card\" content=\"summary_large_image\" \/>\n<meta name=\"twitter:label1\" content=\"Est. reading time\" \/>\n\t<meta name=\"twitter:data1\" content=\"11 minutes\" \/>\n<script type=\"application\/ld+json\" class=\"yoast-schema-graph\">{\"@context\":\"https:\/\/schema.org\",\"@graph\":[{\"@type\":\"WebPage\",\"@id\":\"https:\/\/virginiedrouot.com\/en\/light\/\",\"url\":\"https:\/\/virginiedrouot.com\/en\/light\/\",\"name\":\"Light - Virginie Drouot\",\"isPartOf\":{\"@id\":\"https:\/\/virginiedrouot.com\/#website\"},\"datePublished\":\"2018-12-19T10:06:14+00:00\",\"dateModified\":\"2019-08-20T13:06:48+00:00\",\"breadcrumb\":{\"@id\":\"https:\/\/virginiedrouot.com\/en\/light\/#breadcrumb\"},\"inLanguage\":\"en-US\",\"potentialAction\":[{\"@type\":\"ReadAction\",\"target\":[\"https:\/\/virginiedrouot.com\/en\/light\/\"]}]},{\"@type\":\"BreadcrumbList\",\"@id\":\"https:\/\/virginiedrouot.com\/en\/light\/#breadcrumb\",\"itemListElement\":[{\"@type\":\"ListItem\",\"position\":1,\"name\":\"Accueil\",\"item\":\"https:\/\/virginiedrouot.com\/en\/\"},{\"@type\":\"ListItem\",\"position\":2,\"name\":\"Light\"}]},{\"@type\":\"WebSite\",\"@id\":\"https:\/\/virginiedrouot.com\/#website\",\"url\":\"https:\/\/virginiedrouot.com\/\",\"name\":\"Virginie Drouot\",\"description\":\"Mise en lumi\u00e8re et d\u00e9coration \u00e0 Maisons-Laffitte\",\"potentialAction\":[{\"@type\":\"SearchAction\",\"target\":{\"@type\":\"EntryPoint\",\"urlTemplate\":\"https:\/\/virginiedrouot.com\/?s={search_term_string}\"},\"query-input\":{\"@type\":\"PropertyValueSpecification\",\"valueRequired\":true,\"valueName\":\"search_term_string\"}}],\"inLanguage\":\"en-US\"}]}<\/script>\n<!-- \/ Yoast SEO plugin. -->","yoast_head_json":{"title":"Light - Virginie Drouot","robots":{"index":"index","follow":"follow","max-snippet":"max-snippet:-1","max-image-preview":"max-image-preview:large","max-video-preview":"max-video-preview:-1"},"canonical":"https:\/\/virginiedrouot.com\/en\/light\/","og_locale":"en_US","og_type":"article","og_title":"Light - Virginie Drouot","og_url":"https:\/\/virginiedrouot.com\/en\/light\/","og_site_name":"Virginie Drouot","article_modified_time":"2019-08-20T13:06:48+00:00","twitter_card":"summary_large_image","twitter_misc":{"Est. reading time":"11 minutes"},"schema":{"@context":"https:\/\/schema.org","@graph":[{"@type":"WebPage","@id":"https:\/\/virginiedrouot.com\/en\/light\/","url":"https:\/\/virginiedrouot.com\/en\/light\/","name":"Light - Virginie Drouot","isPartOf":{"@id":"https:\/\/virginiedrouot.com\/#website"},"datePublished":"2018-12-19T10:06:14+00:00","dateModified":"2019-08-20T13:06:48+00:00","breadcrumb":{"@id":"https:\/\/virginiedrouot.com\/en\/light\/#breadcrumb"},"inLanguage":"en-US","potentialAction":[{"@type":"ReadAction","target":["https:\/\/virginiedrouot.com\/en\/light\/"]}]},{"@type":"BreadcrumbList","@id":"https:\/\/virginiedrouot.com\/en\/light\/#breadcrumb","itemListElement":[{"@type":"ListItem","position":1,"name":"Accueil","item":"https:\/\/virginiedrouot.com\/en\/"},{"@type":"ListItem","position":2,"name":"Light"}]},{"@type":"WebSite","@id":"https:\/\/virginiedrouot.com\/#website","url":"https:\/\/virginiedrouot.com\/","name":"Virginie Drouot","description":"Mise en lumi\u00e8re et d\u00e9coration \u00e0 Maisons-Laffitte","potentialAction":[{"@type":"SearchAction","target":{"@type":"EntryPoint","urlTemplate":"https:\/\/virginiedrouot.com\/?s={search_term_string}"},"query-input":{"@type":"PropertyValueSpecification","valueRequired":true,"valueName":"search_term_string"}}],"inLanguage":"en-US"}]}},"_links":{"self":[{"href":"https:\/\/virginiedrouot.com\/en\/wp-json\/wp\/v2\/pages\/1512","targetHints":{"allow":["GET"]}}],"collection":[{"href":"https:\/\/virginiedrouot.com\/en\/wp-json\/wp\/v2\/pages"}],"about":[{"href":"https:\/\/virginiedrouot.com\/en\/wp-json\/wp\/v2\/types\/page"}],"author":[{"embeddable":true,"href":"https:\/\/virginiedrouot.com\/en\/wp-json\/wp\/v2\/users\/1"}],"replies":[{"embeddable":true,"href":"https:\/\/virginiedrouot.com\/en\/wp-json\/wp\/v2\/comments?post=1512"}],"version-history":[{"count":10,"href":"https:\/\/virginiedrouot.com\/en\/wp-json\/wp\/v2\/pages\/1512\/revisions"}],"predecessor-version":[{"id":1611,"href":"https:\/\/virginiedrouot.com\/en\/wp-json\/wp\/v2\/pages\/1512\/revisions\/1611"}],"wp:attachment":[{"href":"https:\/\/virginiedrouot.com\/en\/wp-json\/wp\/v2\/media?parent=1512"}],"curies":[{"name":"wp","href":"https:\/\/api.w.org\/{rel}","templated":true}]}}