{"id":1439,"date":"2019-02-25T14:58:40","date_gmt":"2019-02-25T14:58:40","guid":{"rendered":"https:\/\/virginiedrouot.com\/services\/particuliers\/"},"modified":"2019-08-21T12:08:10","modified_gmt":"2019-08-21T12:08:10","slug":"private","status":"publish","type":"page","link":"https:\/\/virginiedrouot.com\/en\/services\/private\/","title":{"rendered":"Private"},"content":{"rendered":"<p><section class=\"ffb-id-2quoc7ku section-heading fg-text-dark\"><div class=\"ff-richtext h2 fg-text-dark ffb-h2-1\"><\/p>\n<p>Private<\/p>\n<p><\/div><\/section><style>.ffb-id-2quoc7ku .ffb-h2-1 ,.ffb-id-2quoc7ku .ffb-h2-1:before,.ffb-id-2quoc7ku .ffb-h2-1:after,.ffb-id-2quoc7ku .ffb-h2-1 *,.ffb-id-2quoc7ku .ffb-h2-1 *:before,.ffb-id-2quoc7ku .ffb-h2-1 *:after{ color: #cc9e29 !important;}.ffb-id-2quoc7ku .ffb-h2-1{ font-family: 'News Cycle', Arial, sans-serif !important;}.ffb-id-2quoc7ku .ffb-h2-1:before,.ffb-id-2quoc7ku .ffb-h2-1:after,.ffb-id-2quoc7ku .ffb-h2-1:hover,.ffb-id-2quoc7ku .ffb-h2-1:focus,.ffb-id-2quoc7ku .ffb-h2-1 *,.ffb-id-2quoc7ku .ffb-h2-1 *:before,.ffb-id-2quoc7ku .ffb-h2-1 *:after,.ffb-id-2quoc7ku .ffb-h2-1 *:hover,.ffb-id-2quoc7ku .ffb-h2-1 *:focus{ font-family: 'News Cycle', Arial, sans-serif !important;}.ffb-id-2quoc7ku{ margin-top: -40px;margin-bottom: 40px;}<\/style><script type=\"text\/javascript\"><\/script><section class=\"ffb-id-2qur5gn1 divider-v1 divider-with-icon-1-type fg-text-dark\"><div class=\"divider-v1-element divider-with-icon-1-element-type\"><i class=\"divider-v1-icon ff-font-et-line icon-tools\"><\/i><\/div><\/section><style>.ffb-id-2quoc7ku .ffb-h2-1 ,\n.ffb-id-2quoc7ku .ffb-h2-1:before,\n.ffb-id-2quoc7ku .ffb-h2-1:after,\n.ffb-id-2quoc7ku .ffb-h2-1 *,\n.ffb-id-2quoc7ku .ffb-h2-1 *:before,\n.ffb-id-2quoc7ku .ffb-h2-1 *:after{ \ncolor: #cc9e29 !important;\n}\n.ffb-id-2quoc7ku .ffb-h2-1{ \nfont-family: 'News Cycle', Arial, sans-serif !important;\n}\n.ffb-id-2quoc7ku .ffb-h2-1:before,\n.ffb-id-2quoc7ku .ffb-h2-1:after,\n.ffb-id-2quoc7ku .ffb-h2-1:hover,\n.ffb-id-2quoc7ku .ffb-h2-1:focus,\n.ffb-id-2quoc7ku .ffb-h2-1 *,\n.ffb-id-2quoc7ku .ffb-h2-1 *:before,\n.ffb-id-2quoc7ku .ffb-h2-1 *:after,\n.ffb-id-2quoc7ku .ffb-h2-1 *:hover,\n.ffb-id-2quoc7ku .ffb-h2-1 *:focus{ \nfont-family: 'News Cycle', Arial, sans-serif !important;\n}\n.ffb-id-2quoc7ku{ \nmargin-top: -40px;\nmargin-bottom: 40px;\n\n}\n.ffb-id-2qur5gn1 .divider-with-icon-1-element-type:before{ border-color:#c4c4c4;}.ffb-id-2qur5gn1 .divider-with-icon-1-element-type:after{ border-color:#c4c4c4;}.ffb-id-2qur5gn1 .divider-with-icon-1-element-type i{ color:#cc9e29;}<\/style><script type=\"text\/javascript\"><\/script><section class=\"ffb-id-2qumuv9h fg-section fg-text-dark\" data-test=\"testik\" id=\"xx\"><div class=\"ffb-id-2qumuv9i fg-container container fg-container-large fg-container-lvl--1  fg-text-dark\"><div class=\"ffb-id-2qumuv9o fg-row row     fg-text-dark\"><div class=\"ffb-id-2qun33kb fg-col col-xs-12 col-md-5 fg-text-dark\"><div class=\"ffb-id-2qunbn14 fg-row row     fg-text-dark\"><div class=\"ffb-id-2quncduo fg-col col-xs-12 col-md-12 fg-text-dark\"><h3 class=\"ffb-id-2quo6slf fg-heading text-left    fg-text-dark\"><\/p>\n<p>A family home, an appartment, a room ...<\/p>\n<p><\/h3><div class=\"ffb-id-2svid4ms fg-paragraph ff-richtext text-left    fg-text-dark\"><\/p>\n<p>I'll help you design a unique atmosphere that you can relate to:<\/p>\n<ul>\n<li>Furnishing\/Decoration<\/li>\n<li>Home staging<\/li>\n<li>Choice of materials, colors<\/li>\n<li><a href=\"https:\/\/virginiedrouot.com\/en\/light\/\"><span style=\"color: #cc9e29\"><strong>Light layout<\/strong><\/span><\/a><\/li>\n<li>On site coordination of contractors<\/li>\n<li>Purchasing furniture and decoration<\/li>\n<li>Mise en sc&egrave;ne - staging<\/li>\n<\/ul>\n<p>&nbsp;<\/p>\n<p><\/div><div class=\"ffb-id-2quper75 ffg-empty-space fg-text-dark\"><\/div><div class=\"ffb-id-2rh1p22c ffg-empty-space fg-text-dark\"><\/div><\/div><\/div><\/div><div class=\"ffb-id-2qumuv9r fg-col col-xs-12 col-md-7 fg-text-dark\"><div class=\"ffb-id-2quneqgi fg-row row     fg-text-dark\"><div class=\"ffb-id-2quneqgj fg-col col-xs-12 col-md-12 fg-text-dark\"><img decoding=\"async\" class=\"ffb-id-2qun4dts fg-image  img-responsive full-width fg-text-dark\" src=\"https:\/\/virginiedrouot.com\/wp-content\/uploads\/2019\/01\/pots-fleuris.jpg\" alt=\"pots-fleuris\"><div class=\"ffb-id-2quo2ii2 ffg-empty-space fg-text-dark\"><\/div><\/div><\/div><\/div><\/div><\/div><\/section><style>.ffb-id-2qur5gn1 .divider-with-icon-1-element-type:before{ \nborder-color:#c4c4c4;\n}\n.ffb-id-2qur5gn1 .divider-with-icon-1-element-type:after{ \nborder-color:#c4c4c4;\n}\n.ffb-id-2qur5gn1 .divider-with-icon-1-element-type i{ \ncolor:#cc9e29;\n}\n.ffb-id-2quo2ii2{ height: 30px;}.ffb-id-2rh1p22c{ height: 30px;}.ffb-id-2quper75{ height: 30px;}.ffb-id-2quo6slf ,.ffb-id-2quo6slf:before,.ffb-id-2quo6slf:after,.ffb-id-2quo6slf *,.ffb-id-2quo6slf *:before,.ffb-id-2quo6slf *:after{ color: #000000 !important;}.ffb-id-2quo6slf{ font-family: 'News Cycle', Arial, sans-serif !important;}.ffb-id-2quo6slf:before,.ffb-id-2quo6slf:after,.ffb-id-2quo6slf:hover,.ffb-id-2quo6slf:focus,.ffb-id-2quo6slf *,.ffb-id-2quo6slf *:before,.ffb-id-2quo6slf *:after,.ffb-id-2quo6slf *:hover,.ffb-id-2quo6slf *:focus{ font-family: 'News Cycle', Arial, sans-serif !important;}.ffb-id-2quo6slf{ font-weight: 300 !important;}.ffb-id-2quo6slf ,.ffb-id-2quo6slf:before,.ffb-id-2quo6slf:after,.ffb-id-2quo6slf:hover,.ffb-id-2quo6slf:focus,.ffb-id-2quo6slf *,.ffb-id-2quo6slf *:before,.ffb-id-2quo6slf *:after,.ffb-id-2quo6slf *:hover,.ffb-id-2quo6slf *:focus{ font-weight: 300 !important;}@media (min-width:992px) { .ffb-id-2quo6slf{ font-size: 24px !important;}}@media (min-width:992px) { .ffb-id-2quo6slf ,.ffb-id-2quo6slf:before,.ffb-id-2quo6slf:after,.ffb-id-2quo6slf:hover,.ffb-id-2quo6slf:focus,.ffb-id-2quo6slf *,.ffb-id-2quo6slf *:before,.ffb-id-2quo6slf *:after,.ffb-id-2quo6slf *:hover,.ffb-id-2quo6slf *:focus{ font-size: 24px !important;}}<\/style><script type=\"text\/javascript\"><\/script><section class=\"ffb-id-31vecdnb fg-section fg-text-dark\" data-test=\"testik\" id=\"xx\"><div class=\"ffb-id-31vecdnc fg-container container fg-container-large fg-container-lvl--1  fg-text-dark\"><div class=\"ffb-id-31vece0q fg-row row     fg-text-dark\"><div class=\"ffb-id-31vece5h fg-col col-xs-12 col-md-5 fg-text-dark\"><div class=\"ffb-id-31vece6t fg-row row     fg-text-dark\"><div class=\"ffb-id-31vece7j fg-col col-xs-12 col-md-12 fg-text-dark\"><div class=\"ffb-id-31vece81 fg-paragraph ff-richtext text-left    fg-text-dark\"><\/p>\n<p>At our first meeting we'll have a look at your desires and needs.<\/p>\n<p>Then I'll present a proposal of design during a second meeting, with a quote adapted to your budget and time constraints.<\/p>\n<p><\/div><div class=\"ffb-id-31vece82 ffg-empty-space fg-text-dark\"><\/div><div class=\"ffb-id-31vece86 buttons-el-wrapper text-left    fg-text-dark\"><a href=\"https:\/\/virginiedrouot.com\/en\/contact\/\" class=\"ffb-block-button-1-0 ffb-btn ffb-btn-v1 ffb-btn-link  btn-base-brd-slide btn-slide  btn-base-md    btn-w-auto fg-text-dark ffb-button1-1\"><span class=\"btn-text\">Contact me<\/span><\/a><\/div><div class=\"ffb-id-31vece87 ffg-empty-space fg-text-dark\"><\/div><\/div><\/div><\/div><div class=\"ffb-id-31vece88 fg-col col-xs-12 col-md-7 fg-text-dark\"><div class=\"ffb-id-31vece98 fg-row row     fg-text-dark\"><div class=\"ffb-id-31vece9t fg-col col-xs-12 col-md-6 fg-text-dark\"><img decoding=\"async\" class=\"ffb-id-31vecea0 fg-image  img-responsive full-width fg-text-dark\" src=\"https:\/\/virginiedrouot.com\/wp-content\/uploads\/2018\/12\/canapes.jpg\" alt=\"canapes\"><div class=\"ffb-id-31vecea1 ffg-empty-space fg-text-dark\"><\/div><\/div><div class=\"ffb-id-31vecea2 fg-col col-xs-12 col-md-6 fg-text-dark\"><img decoding=\"async\" class=\"ffb-id-31vecea5 fg-image  img-responsive full-width fg-text-dark\" src=\"https:\/\/virginiedrouot.com\/wp-content\/uploads\/2019\/03\/suspensions-cubes-virginie-drouot.jpg\" alt=\"suspensions-cubes-virginie-drouot\"><div class=\"ffb-id-31vecea6 ffg-empty-space fg-text-dark\"><\/div><\/div><\/div><\/div><\/div><\/div><\/section><style>.ffb-id-2quo2ii2{ \nheight: 30px;\n}\n.ffb-id-2rh1p22c{ \nheight: 30px;\n}\n.ffb-id-2quper75{ \nheight: 30px;\n}\n.ffb-id-2quo6slf ,\n.ffb-id-2quo6slf:before,\n.ffb-id-2quo6slf:after,\n.ffb-id-2quo6slf *,\n.ffb-id-2quo6slf *:before,\n.ffb-id-2quo6slf *:after{ \ncolor: #000000 !important;\n}\n.ffb-id-2quo6slf{ \nfont-family: 'News Cycle', Arial, sans-serif !important;\n}\n.ffb-id-2quo6slf:before,\n.ffb-id-2quo6slf:after,\n.ffb-id-2quo6slf:hover,\n.ffb-id-2quo6slf:focus,\n.ffb-id-2quo6slf *,\n.ffb-id-2quo6slf *:before,\n.ffb-id-2quo6slf *:after,\n.ffb-id-2quo6slf *:hover,\n.ffb-id-2quo6slf *:focus{ \nfont-family: 'News Cycle', Arial, sans-serif !important;\n}\n.ffb-id-2quo6slf{ \nfont-weight: 300 !important;\n}\n.ffb-id-2quo6slf ,\n.ffb-id-2quo6slf:before,\n.ffb-id-2quo6slf:after,\n.ffb-id-2quo6slf:hover,\n.ffb-id-2quo6slf:focus,\n.ffb-id-2quo6slf *,\n.ffb-id-2quo6slf *:before,\n.ffb-id-2quo6slf *:after,\n.ffb-id-2quo6slf *:hover,\n.ffb-id-2quo6slf *:focus{ \nfont-weight: 300 !important;\n}\n@media (min-width:992px) { \n.ffb-id-2quo6slf{ \nfont-size: 24px !important;\n}\n}@media (min-width:992px) { \n.ffb-id-2quo6slf ,\n.ffb-id-2quo6slf:before,\n.ffb-id-2quo6slf:after,\n.ffb-id-2quo6slf:hover,\n.ffb-id-2quo6slf:focus,\n.ffb-id-2quo6slf *,\n.ffb-id-2quo6slf *:before,\n.ffb-id-2quo6slf *:after,\n.ffb-id-2quo6slf *:hover,\n.ffb-id-2quo6slf *:focus{ \nfont-size: 24px !important;\n}\n}.ffb-id-31vecea6{ height: 30px;}.ffb-id-31vecea1{ height: 30px;}.ffb-id-31vece87{ height: 30px;}.ffb-id-31vece86 .ffb-button1-1.ffb-block-button-1-0.btn-base-brd-slide{ color:#ffffff;}.ffb-id-31vece86 .ffb-button1-1.ffb-block-button-1-0.btn-base-brd-slide:hover{ color:#ffffff;}.ffb-id-31vece86 .ffb-button1-1.ffb-block-button-1-0.btn-base-brd-slide{ border-color: transparent;}.ffb-id-31vece86 .ffb-button1-1.ffb-block-button-1-0.btn-base-brd-slide:hover{ border-color: transparent;}.ffb-id-31vece86 .ffb-button1-1.ffb-block-button-1-0.btn-base-brd-slide{ background-color:#cc9e29;}.ffb-id-31vece86 .ffb-button1-1.ffb-block-button-1-0.btn-base-brd-slide:hover{ background-color:rgba(8, 8, 8, 0.7);}.ffb-id-31vece82{ height: 30px;}<\/style><script type=\"text\/javascript\"><\/script><style>.ffb-id-31vecea6{ \nheight: 30px;\n}\n.ffb-id-31vecea1{ \nheight: 30px;\n}\n.ffb-id-31vece87{ \nheight: 30px;\n}\n.ffb-id-31vece86 .ffb-button1-1.ffb-block-button-1-0.btn-base-brd-slide{ \ncolor:#ffffff;\n}\n.ffb-id-31vece86 .ffb-button1-1.ffb-block-button-1-0.btn-base-brd-slide:hover{ \ncolor:#ffffff;\n}\n.ffb-id-31vece86 .ffb-button1-1.ffb-block-button-1-0.btn-base-brd-slide{ \nborder-color: transparent;\n}\n.ffb-id-31vece86 .ffb-button1-1.ffb-block-button-1-0.btn-base-brd-slide:hover{ \nborder-color: transparent;\n}\n.ffb-id-31vece86 .ffb-button1-1.ffb-block-button-1-0.btn-base-brd-slide{ \nbackground-color:#cc9e29;\n}\n.ffb-id-31vece86 .ffb-button1-1.ffb-block-button-1-0.btn-base-brd-slide:hover{ \nbackground-color:rgba(8, 8, 8, 0.7);\n}\n.ffb-id-31vece82{ \nheight: 30px;\n}\n<\/style><script type=\"text\/javascript\"><\/script><div class=\"ffb-id-38f398i8 ffg-empty-space fg-text-dark\"><\/div><style>.ffb-id-38f398i8{ height: 30px;}<\/style><script type=\"text\/javascript\"><\/script><div class=\"ffb-id-38f35umr fg-col col-xs-12 col-xs-offset-0 col-xs-pull-0 col-xs-push-0 col-md-12 fg-text-dark\"><\/div><style>.ffb-id-38f398i8{ \nheight: 30px;\n}\n<\/style><script type=\"text\/javascript\"><\/script><\/p>\n","protected":false},"excerpt":{"rendered":"","protected":false},"author":1,"featured_media":0,"parent":1391,"menu_order":0,"comment_status":"closed","ping_status":"closed","template":"","meta":{"footnotes":""},"class_list":["post-1439","page","type-page","status-publish","hentry","post-wrapper"],"yoast_head":"<!-- This site is optimized with the Yoast SEO plugin v24.1 - https:\/\/yoast.com\/wordpress\/plugins\/seo\/ -->\n<title>Private - Virginie Drouot<\/title>\n<meta name=\"robots\" content=\"index, follow, max-snippet:-1, max-image-preview:large, max-video-preview:-1\" \/>\n<link rel=\"canonical\" href=\"https:\/\/virginiedrouot.com\/en\/services\/private\/\" \/>\n<meta property=\"og:locale\" content=\"en_US\" \/>\n<meta property=\"og:type\" content=\"article\" \/>\n<meta property=\"og:title\" content=\"Private - Virginie Drouot\" \/>\n<meta property=\"og:url\" content=\"https:\/\/virginiedrouot.com\/en\/services\/private\/\" \/>\n<meta property=\"og:site_name\" content=\"Virginie Drouot\" \/>\n<meta property=\"article:modified_time\" content=\"2019-08-21T12:08:10+00:00\" \/>\n<meta name=\"twitter:card\" content=\"summary_large_image\" \/>\n<meta name=\"twitter:label1\" content=\"Est. reading time\" \/>\n\t<meta name=\"twitter:data1\" content=\"19 minutes\" \/>\n<script type=\"application\/ld+json\" class=\"yoast-schema-graph\">{\"@context\":\"https:\/\/schema.org\",\"@graph\":[{\"@type\":\"WebPage\",\"@id\":\"https:\/\/virginiedrouot.com\/en\/services\/private\/\",\"url\":\"https:\/\/virginiedrouot.com\/en\/services\/private\/\",\"name\":\"Private - Virginie Drouot\",\"isPartOf\":{\"@id\":\"https:\/\/virginiedrouot.com\/#website\"},\"datePublished\":\"2019-02-25T14:58:40+00:00\",\"dateModified\":\"2019-08-21T12:08:10+00:00\",\"breadcrumb\":{\"@id\":\"https:\/\/virginiedrouot.com\/en\/services\/private\/#breadcrumb\"},\"inLanguage\":\"en-US\",\"potentialAction\":[{\"@type\":\"ReadAction\",\"target\":[\"https:\/\/virginiedrouot.com\/en\/services\/private\/\"]}]},{\"@type\":\"BreadcrumbList\",\"@id\":\"https:\/\/virginiedrouot.com\/en\/services\/private\/#breadcrumb\",\"itemListElement\":[{\"@type\":\"ListItem\",\"position\":1,\"name\":\"Accueil\",\"item\":\"https:\/\/virginiedrouot.com\/en\/\"},{\"@type\":\"ListItem\",\"position\":2,\"name\":\"Services\",\"item\":\"https:\/\/virginiedrouot.com\/en\/services\/\"},{\"@type\":\"ListItem\",\"position\":3,\"name\":\"Private\"}]},{\"@type\":\"WebSite\",\"@id\":\"https:\/\/virginiedrouot.com\/#website\",\"url\":\"https:\/\/virginiedrouot.com\/\",\"name\":\"Virginie Drouot\",\"description\":\"Mise en lumi\u00e8re et d\u00e9coration \u00e0 Maisons-Laffitte\",\"potentialAction\":[{\"@type\":\"SearchAction\",\"target\":{\"@type\":\"EntryPoint\",\"urlTemplate\":\"https:\/\/virginiedrouot.com\/?s={search_term_string}\"},\"query-input\":{\"@type\":\"PropertyValueSpecification\",\"valueRequired\":true,\"valueName\":\"search_term_string\"}}],\"inLanguage\":\"en-US\"}]}<\/script>\n<!-- \/ Yoast SEO plugin. -->","yoast_head_json":{"title":"Private - Virginie Drouot","robots":{"index":"index","follow":"follow","max-snippet":"max-snippet:-1","max-image-preview":"max-image-preview:large","max-video-preview":"max-video-preview:-1"},"canonical":"https:\/\/virginiedrouot.com\/en\/services\/private\/","og_locale":"en_US","og_type":"article","og_title":"Private - Virginie Drouot","og_url":"https:\/\/virginiedrouot.com\/en\/services\/private\/","og_site_name":"Virginie Drouot","article_modified_time":"2019-08-21T12:08:10+00:00","twitter_card":"summary_large_image","twitter_misc":{"Est. reading time":"19 minutes"},"schema":{"@context":"https:\/\/schema.org","@graph":[{"@type":"WebPage","@id":"https:\/\/virginiedrouot.com\/en\/services\/private\/","url":"https:\/\/virginiedrouot.com\/en\/services\/private\/","name":"Private - Virginie Drouot","isPartOf":{"@id":"https:\/\/virginiedrouot.com\/#website"},"datePublished":"2019-02-25T14:58:40+00:00","dateModified":"2019-08-21T12:08:10+00:00","breadcrumb":{"@id":"https:\/\/virginiedrouot.com\/en\/services\/private\/#breadcrumb"},"inLanguage":"en-US","potentialAction":[{"@type":"ReadAction","target":["https:\/\/virginiedrouot.com\/en\/services\/private\/"]}]},{"@type":"BreadcrumbList","@id":"https:\/\/virginiedrouot.com\/en\/services\/private\/#breadcrumb","itemListElement":[{"@type":"ListItem","position":1,"name":"Accueil","item":"https:\/\/virginiedrouot.com\/en\/"},{"@type":"ListItem","position":2,"name":"Services","item":"https:\/\/virginiedrouot.com\/en\/services\/"},{"@type":"ListItem","position":3,"name":"Private"}]},{"@type":"WebSite","@id":"https:\/\/virginiedrouot.com\/#website","url":"https:\/\/virginiedrouot.com\/","name":"Virginie Drouot","description":"Mise en lumi\u00e8re et d\u00e9coration \u00e0 Maisons-Laffitte","potentialAction":[{"@type":"SearchAction","target":{"@type":"EntryPoint","urlTemplate":"https:\/\/virginiedrouot.com\/?s={search_term_string}"},"query-input":{"@type":"PropertyValueSpecification","valueRequired":true,"valueName":"search_term_string"}}],"inLanguage":"en-US"}]}},"_links":{"self":[{"href":"https:\/\/virginiedrouot.com\/en\/wp-json\/wp\/v2\/pages\/1439","targetHints":{"allow":["GET"]}}],"collection":[{"href":"https:\/\/virginiedrouot.com\/en\/wp-json\/wp\/v2\/pages"}],"about":[{"href":"https:\/\/virginiedrouot.com\/en\/wp-json\/wp\/v2\/types\/page"}],"author":[{"embeddable":true,"href":"https:\/\/virginiedrouot.com\/en\/wp-json\/wp\/v2\/users\/1"}],"replies":[{"embeddable":true,"href":"https:\/\/virginiedrouot.com\/en\/wp-json\/wp\/v2\/comments?post=1439"}],"version-history":[{"count":10,"href":"https:\/\/virginiedrouot.com\/en\/wp-json\/wp\/v2\/pages\/1439\/revisions"}],"predecessor-version":[{"id":1652,"href":"https:\/\/virginiedrouot.com\/en\/wp-json\/wp\/v2\/pages\/1439\/revisions\/1652"}],"up":[{"embeddable":true,"href":"https:\/\/virginiedrouot.com\/en\/wp-json\/wp\/v2\/pages\/1391"}],"wp:attachment":[{"href":"https:\/\/virginiedrouot.com\/en\/wp-json\/wp\/v2\/media?parent=1439"}],"curies":[{"name":"wp","href":"https:\/\/api.w.org\/{rel}","templated":true}]}}